{"id":1529,"date":"2017-03-02T15:52:39","date_gmt":"2017-03-02T15:52:39","guid":{"rendered":"http:\/\/fozsports-events.com\/?page_id=1529\/"},"modified":"2017-03-02T15:52:39","modified_gmt":"2017-03-02T15:52:39","slug":"basquet-por-caritas","status":"publish","type":"page","link":"https:\/\/fozsports-events.com\/en\/basquet-por-caritas\/","title":{"rendered":"B\u00e1squet por C\u00e1ritas"},"content":{"rendered":"<div id='av_section_1'  class='avia-section main_color avia-section-large avia-no-border-styling  avia-bg-style-scroll  avia-builder-el-0  el_before_av_section  avia-builder-el-first   container_wrap sidebar_right' style=' '  ><div class='container' ><main  role=\"main\" itemprop=\"mainContentOfPage\"  class='template-page content  av-content-small alpha units'><div class='post-entry post-entry-type-page post-entry-1529'><div class='entry-content-wrapper clearfix'>\n<div  style='padding-bottom:30px; font-size:70px;' class='av-special-heading av-special-heading-h1  blockquote modern-quote  avia-builder-el-1  el_before_av_one_full  avia-builder-el-first  av-thin-font av-inherit-size '><h1 class='av-special-heading-tag '  itemprop=\"headline\"  >B\u00e1squet por C\u00e1ritas<strong>.<\/strong><\/h1><div class='special-heading-border'><div class='special-heading-inner-border' ><\/div><\/div><\/div>\n<div class=\"flex_column av_one_full  flex_column_div av-zero-column-padding first  avia-builder-el-2  el_after_av_heading  avia-builder-el-last  \" style='border-radius:0px; '><section class=\"av_textblock_section \"  itemscope=\"itemscope\" itemtype=\"https:\/\/schema.org\/CreativeWork\" ><div class='avia_textblock  '   itemprop=\"text\" ><h4 class=\"vc_custom_heading\">Fue la primera iniciativa de Foz Sports &amp; Events como organizadora de eventos deportivos en junio de 2011.<\/h4>\n<\/div><\/section><\/div>\n\n<\/div><\/div><\/main><!-- close content main element --><\/div><\/div><div id='av_section_2'  class='avia-section alternate_color avia-section-huge avia-no-border-styling  avia-full-stretch av-section-color-overlay-active avia-bg-style-fixed  avia-builder-el-4  el_after_av_section  el_before_av_section   container_wrap sidebar_right' style='background-repeat: no-repeat; background-image: url(https:\/\/fozsports-events.com\/wp-content\/uploads\/2016\/02\/bg1.jpg);background-attachment: fixed; background-position: center center;  '  data-section-bg-repeat='stretch'><div class='av-section-color-overlay-wrap'><div class='av-section-color-overlay' style='opacity: 0.8; background-color: #000000; '><\/div><div class='container' ><div class='template-page content  av-content-small alpha units'><div class='post-entry post-entry-type-page post-entry-1529'><div class='entry-content-wrapper clearfix'>\n<div class='flex_column_table av-equal-height-column-flextable -flextable' style='margin-top:0px; margin-bottom:35px; '><div class=\"flex_column av_one_full  av-animated-generic bottom-to-top  avia-full-contain flex_column_table_cell av-equal-height-column av-align-top first  avia-builder-el-5  el_before_av_one_half  avia-builder-el-first  \" style='padding:15px 0px 0px 0px ; border-radius:0px; '><p><section class=\"av_textblock_section \"  itemscope=\"itemscope\" itemtype=\"https:\/\/schema.org\/CreativeWork\" ><div class='avia_textblock blanc '   itemprop=\"text\" ><p>El Domingo 12 de Junio de 2011 en las instalaciones de <strong>Club CIDE<\/strong> se celebr\u00f3 el evento <strong>BASKET POR CARITAS<\/strong>, que consisti\u00f3 en un concurso de triples y mates, partidos entre cadetes y partido entre Juniors.<\/p>\n<p>El <strong>EVENTO CONT\u00d3 CON LA ASISTENCIA DE RUDY FERNANDEZ<\/strong>, estrella NBA, que demostr\u00f3 ser tambi\u00e9n un CAMPEON EN LA SOLIDARIDAD, y comparti\u00f3 su tiempo con los jugadores, nos regal\u00f3 un mate y nos anim\u00f3 con sus palabras. \u00a1\u00a1GRACIAS RUDY!!<\/p>\n<p>Asimismo, contamos con la participaci\u00f3n de un JURADO DE MATES de lujo, con la presencia del ya mencionado <strong>RUDY FERN\u00c1NDEZ<\/strong> (Portland Trail Blazers, NBA), de los matadores <strong>PAU COMAS<\/strong> (B\u00e0squet Mallorca, EBA) y <strong>XAVI BALLE<\/strong> (B\u00e0squet Mallorca, EBA), y finalmente y no menos importante <strong>MARIA ESPA\u00d1A<\/strong> (Soller Bon D\u00eda, Liga Femenina).<\/p>\n<p>Tambi\u00e9n pudimos contar con el famoso\u201cspeaker\u201d <strong>EDDY VIDAL<\/strong>, quien anim\u00f3 constantemente el evento y lo present\u00f3 con la gran profesionalidad que le caracteriza.<\/p>\n<p>Los equipos estuvieron dirigidos por losentrenadores Xavier Sastre y Oscar Olivenza, los Juniors, y por Toni Ribas y Chema Garc\u00eda los cadetes.<\/p>\n<p>Adem\u00e1s, tuvimos la colaboraci\u00f3n de muchos voluntarios, de las \u201cCheerleaders\u201d del club CIDE, el Club Cide en sus directivos y voluntarios, La Salle, y tantos otros voluntarios y voluntarias que no podemos citarlos. \u00a1A TODOS MUCHAS GRACIAS !<\/p>\n<p>TODO LO RECAUDADO se entreg\u00f3 a D. Antoni Vera, Delegado de <strong>C\u00c0RITAS MALLORCA<\/strong>, quien agradeci\u00f3 a todos su colaboraci\u00f3n.<\/p>\n<\/div><\/section><br \/>\n<div  style='padding-bottom:15px; color:#ffffff;font-size:20px;' class='av-special-heading av-special-heading-h3 custom-color-heading blockquote modern-quote modern-centered  avia-builder-el-7  el_after_av_textblock  el_before_av_image  av-inherit-size '><h3 class='av-special-heading-tag '  itemprop=\"headline\"  >All Stars Cadetes y J\u00faniors<\/h3><div class='special-heading-border'><div class='special-heading-inner-border' style='border-color:#ffffff'><\/div><\/div><\/div><br \/>\n<div  class='avia-image-container  av-styling-no-styling    avia-builder-el-8  el_after_av_heading  avia-builder-el-last  avia-align-center '  itemprop=\"image\" itemscope=\"itemscope\" itemtype=\"https:\/\/schema.org\/ImageObject\"  ><div class='avia-image-container-inner'><div class='avia-image-overlay-wrap'><img decoding=\"async\" class='wp-image-0 avia-img-lazy-loading-not-0 avia_image' src=\"http:\/\/fozsports-events.com\/wp-content\/uploads\/2016\/05\/basquet_caritas_dest.jpg\" alt='' title=''   itemprop=\"thumbnailUrl\"  \/><\/div><\/div><\/div><\/p><\/div><\/div><!--close column table wrapper. Autoclose: 1 --><div class='flex_column_table av-equal-height-column-flextable -flextable' ><div class=\"flex_column av_one_half  av-animated-generic bottom-to-top  avia-full-contain flex_column_table_cell av-equal-height-column av-align-top first  avia-builder-el-9  el_after_av_one_full  el_before_av_one_half  column-top-margin\" style='padding:15px 0px 0px 0px ; border-radius:0px; '><p><div  style='padding-bottom:15px; color:#ffffff;font-size:20px;' class='av-special-heading av-special-heading-h3 custom-color-heading blockquote modern-quote modern-centered  avia-builder-el-10  el_before_av_slideshow  avia-builder-el-first  av-inherit-size '><h3 class='av-special-heading-tag '  itemprop=\"headline\"  >Concurso de Triples<\/h3><div class='special-heading-border'><div class='special-heading-inner-border' style='border-color:#ffffff'><\/div><\/div><\/div><br \/>\n<div   data-size='portfolio'  data-lightbox_size='large'  data-animation='slide'  data-conditional_play=''  data-ids='1017,1016'  data-video_counter='0'  data-autoplay='false'  data-bg_slider='false'  data-slide_height=''  data-handle='av_slideshow'  data-interval='5'  data-class=' avia-builder-el-11  el_after_av_heading  el_before_av_textblock  dispositives-portfolio  avia-small-width-slider'  data-el_id=''  data-css_id=''  data-scroll_down=''  data-control_layout='av-control-default'  data-custom_markup=''  data-perma_caption=''  data-autoplay_stopper=''  data-image_attachment=''  data-min_height='0px'  data-lazy_loading='disabled'  data-default-height='80.808080808081'  class='avia-slideshow avia-slideshow-1  av-control-default av-default-height-applied avia-slideshow-portfolio av_slideshow  avia-builder-el-11  el_after_av_heading  el_before_av_textblock  dispositives-portfolio  avia-small-width-slider avia-slide-slider '  itemprop=\"image\" itemscope=\"itemscope\" itemtype=\"https:\/\/schema.org\/ImageObject\" ><ul class='avia-slideshow-inner ' style='padding-bottom: 80.808080808081%;' ><\/ul><\/div><br \/>\n<section class=\"av_textblock_section \"  itemscope=\"itemscope\" itemtype=\"https:\/\/schema.org\/CreativeWork\" ><div class='avia_textblock blan '   itemprop=\"text\" ><p style=\"text-align: center;\">Gran participaci\u00f3n en el concurso de triples por parte de los juniors y de los cadetes. Participaron tanto los jugadores del All Star como jugadores que se apuntaron libremente al concurso.<\/p>\n<p style=\"text-align: center;\">El concurso se dividi\u00f3 en 4 carros de 5 balones en cada carro y por tanto un total de 20 tiros por participante.<\/p>\n<\/div><\/section><\/p><\/div><div class='av-flex-placeholder'><\/div><div class=\"flex_column av_one_half  av-animated-generic bottom-to-top  avia-full-contain flex_column_table_cell av-equal-height-column av-align-top   avia-builder-el-13  el_after_av_one_half  avia-builder-el-last  column-top-margin\" style='padding:15px 0px 0px 0px ; border-radius:0px; '><p><div  style='padding-bottom:15px; color:#ffffff;font-size:20px;' class='av-special-heading av-special-heading-h3 custom-color-heading blockquote modern-quote modern-centered  avia-builder-el-14  el_before_av_slideshow  avia-builder-el-first  av-inherit-size '><h3 class='av-special-heading-tag '  itemprop=\"headline\"  >Concurso de Mates<\/h3><div class='special-heading-border'><div class='special-heading-inner-border' style='border-color:#ffffff'><\/div><\/div><\/div><br \/>\n<div   data-size='portfolio'  data-lightbox_size='large'  data-animation='slide'  data-conditional_play=''  data-ids='1014,1015'  data-video_counter='0'  data-autoplay='false'  data-bg_slider='false'  data-slide_height=''  data-handle='av_slideshow'  data-interval='5'  data-class=' avia-builder-el-15  el_after_av_heading  el_before_av_textblock  dispositives-portfolio  avia-small-width-slider'  data-el_id=''  data-css_id=''  data-scroll_down=''  data-control_layout='av-control-default'  data-custom_markup=''  data-perma_caption=''  data-autoplay_stopper=''  data-image_attachment=''  data-min_height='0px'  data-lazy_loading='disabled'  data-default-height='80.808080808081'  class='avia-slideshow avia-slideshow-2  av-control-default av-default-height-applied avia-slideshow-portfolio av_slideshow  avia-builder-el-15  el_after_av_heading  el_before_av_textblock  dispositives-portfolio  avia-small-width-slider avia-slide-slider '  itemprop=\"image\" itemscope=\"itemscope\" itemtype=\"https:\/\/schema.org\/ImageObject\" ><ul class='avia-slideshow-inner ' style='padding-bottom: 80.808080808081%;' ><\/ul><\/div><br \/>\n<section class=\"av_textblock_section \"  itemscope=\"itemscope\" itemtype=\"https:\/\/schema.org\/CreativeWork\" ><div class='avia_textblock blan '   itemprop=\"text\" ><p style=\"text-align: center;\">Espectacular concurso de mates en la que participaron 4 juniors y 1 cadete. Consist\u00eda en la realizaci\u00f3n de 1 mate por participante en la primera ronda, de la que pasar\u00edan los 3 primeros y de \u00e9stos saldr\u00eda el vencedor.<\/p>\n<p style=\"text-align: center;\">Jurado de lujo: <strong>Pau Comas, Rudy Fern\u00e1ndez, Mar\u00eda Espa\u00f1a y Xavi Balle<\/strong>.<\/p>\n<\/div><\/section><\/p><\/div><\/div><!--close column table wrapper. Autoclose: 1 -->\n\n<\/div><\/div><\/div><!-- close content main div --><\/div><\/div><\/div><div id='av_section_3'  class='avia-section main_color avia-section-large avia-no-border-styling  avia-bg-style-scroll  avia-builder-el-17  el_after_av_section  avia-builder-el-last   container_wrap sidebar_right' style=' '  ><div class='container' ><div class='template-page content  av-content-small alpha units'><div class='post-entry post-entry-type-page post-entry-1529'><div class='entry-content-wrapper clearfix'>\n<div class=\"flex_column av_one_full  flex_column_div av-zero-column-padding first  avia-builder-el-18  avia-builder-el-no-sibling  \" style='border-radius:0px; '><div  class='avia-image-container  av-styling-    avia-builder-el-19  avia-builder-el-no-sibling  avia-align-center '  itemprop=\"image\" itemscope=\"itemscope\" itemtype=\"https:\/\/schema.org\/ImageObject\"  ><div class='avia-image-container-inner'><div class='avia-image-overlay-wrap'><img decoding=\"async\" class='wp-image-0 avia-img-lazy-loading-not-0 avia_image' src=\"http:\/\/fozsports-events.com\/wp-content\/uploads\/2016\/05\/un-evento-una-causa.jpg\" alt='' title=''   itemprop=\"thumbnailUrl\"  \/><\/div><\/div><\/div><\/div>\n<\/div><\/div><\/div><!-- close content main div --><\/div><\/div><div id='after_section_3'  class='main_color av_default_container_wrap container_wrap sidebar_right' style=' '  ><div class='container' ><div class='template-page content  av-content-small alpha units'><div class='post-entry post-entry-type-page post-entry-1529'><div class='entry-content-wrapper clearfix'>\n","protected":false},"excerpt":{"rendered":"","protected":false},"author":1,"featured_media":0,"parent":0,"menu_order":0,"comment_status":"closed","ping_status":"closed","template":"","meta":{"footnotes":""},"class_list":["post-1529","page","type-page","status-publish","hentry"],"yoast_head":"<!-- This site is optimized with the Yoast SEO plugin v26.7 - https:\/\/yoast.com\/wordpress\/plugins\/seo\/ -->\n<title>B\u00e1squet por C\u00e1ritas - Foz Sports Events<\/title>\n<meta name=\"robots\" content=\"index, follow, max-snippet:-1, max-image-preview:large, max-video-preview:-1\" \/>\n<link rel=\"canonical\" href=\"https:\/\/fozsports-events.com\/en\/basquet-por-caritas\/\" \/>\n<meta property=\"og:locale\" content=\"en_US\" \/>\n<meta property=\"og:type\" content=\"article\" \/>\n<meta property=\"og:title\" content=\"B\u00e1squet por C\u00e1ritas - Foz Sports Events\" \/>\n<meta property=\"og:url\" content=\"https:\/\/fozsports-events.com\/en\/basquet-por-caritas\/\" \/>\n<meta property=\"og:site_name\" content=\"Foz Sports Events\" \/>\n<meta name=\"twitter:card\" content=\"summary_large_image\" \/>\n<meta name=\"twitter:label1\" content=\"Est. reading time\" \/>\n\t<meta name=\"twitter:data1\" content=\"7 minutes\" \/>\n<script type=\"application\/ld+json\" class=\"yoast-schema-graph\">{\"@context\":\"https:\/\/schema.org\",\"@graph\":[{\"@type\":\"WebPage\",\"@id\":\"https:\/\/fozsports-events.com\/en\/basquet-por-caritas\/\",\"url\":\"https:\/\/fozsports-events.com\/en\/basquet-por-caritas\/\",\"name\":\"B\u00e1squet por C\u00e1ritas - Foz Sports Events\",\"isPartOf\":{\"@id\":\"https:\/\/fozsports-events.com\/en\/#website\"},\"datePublished\":\"2017-03-02T15:52:39+00:00\",\"breadcrumb\":{\"@id\":\"https:\/\/fozsports-events.com\/en\/basquet-por-caritas\/#breadcrumb\"},\"inLanguage\":\"en-US\",\"potentialAction\":[{\"@type\":\"ReadAction\",\"target\":[\"https:\/\/fozsports-events.com\/en\/basquet-por-caritas\/\"]}]},{\"@type\":\"BreadcrumbList\",\"@id\":\"https:\/\/fozsports-events.com\/en\/basquet-por-caritas\/#breadcrumb\",\"itemListElement\":[{\"@type\":\"ListItem\",\"position\":1,\"name\":\"Portada\",\"item\":\"https:\/\/fozsports-events.com\/en\/\"},{\"@type\":\"ListItem\",\"position\":2,\"name\":\"B\u00e1squet por C\u00e1ritas\"}]},{\"@type\":\"WebSite\",\"@id\":\"https:\/\/fozsports-events.com\/en\/#website\",\"url\":\"https:\/\/fozsports-events.com\/en\/\",\"name\":\"Foz Sports Events\",\"description\":\"Foz Sports Events\",\"potentialAction\":[{\"@type\":\"SearchAction\",\"target\":{\"@type\":\"EntryPoint\",\"urlTemplate\":\"https:\/\/fozsports-events.com\/en\/?s={search_term_string}\"},\"query-input\":{\"@type\":\"PropertyValueSpecification\",\"valueRequired\":true,\"valueName\":\"search_term_string\"}}],\"inLanguage\":\"en-US\"}]}<\/script>\n<!-- \/ Yoast SEO plugin. -->","yoast_head_json":{"title":"B\u00e1squet por C\u00e1ritas - Foz Sports Events","robots":{"index":"index","follow":"follow","max-snippet":"max-snippet:-1","max-image-preview":"max-image-preview:large","max-video-preview":"max-video-preview:-1"},"canonical":"https:\/\/fozsports-events.com\/en\/basquet-por-caritas\/","og_locale":"en_US","og_type":"article","og_title":"B\u00e1squet por C\u00e1ritas - Foz Sports Events","og_url":"https:\/\/fozsports-events.com\/en\/basquet-por-caritas\/","og_site_name":"Foz Sports Events","twitter_card":"summary_large_image","twitter_misc":{"Est. reading time":"7 minutes"},"schema":{"@context":"https:\/\/schema.org","@graph":[{"@type":"WebPage","@id":"https:\/\/fozsports-events.com\/en\/basquet-por-caritas\/","url":"https:\/\/fozsports-events.com\/en\/basquet-por-caritas\/","name":"B\u00e1squet por C\u00e1ritas - Foz Sports Events","isPartOf":{"@id":"https:\/\/fozsports-events.com\/en\/#website"},"datePublished":"2017-03-02T15:52:39+00:00","breadcrumb":{"@id":"https:\/\/fozsports-events.com\/en\/basquet-por-caritas\/#breadcrumb"},"inLanguage":"en-US","potentialAction":[{"@type":"ReadAction","target":["https:\/\/fozsports-events.com\/en\/basquet-por-caritas\/"]}]},{"@type":"BreadcrumbList","@id":"https:\/\/fozsports-events.com\/en\/basquet-por-caritas\/#breadcrumb","itemListElement":[{"@type":"ListItem","position":1,"name":"Portada","item":"https:\/\/fozsports-events.com\/en\/"},{"@type":"ListItem","position":2,"name":"B\u00e1squet por C\u00e1ritas"}]},{"@type":"WebSite","@id":"https:\/\/fozsports-events.com\/en\/#website","url":"https:\/\/fozsports-events.com\/en\/","name":"Foz Sports Events","description":"Foz Sports Events","potentialAction":[{"@type":"SearchAction","target":{"@type":"EntryPoint","urlTemplate":"https:\/\/fozsports-events.com\/en\/?s={search_term_string}"},"query-input":{"@type":"PropertyValueSpecification","valueRequired":true,"valueName":"search_term_string"}}],"inLanguage":"en-US"}]}},"_links":{"self":[{"href":"https:\/\/fozsports-events.com\/en\/wp-json\/wp\/v2\/pages\/1529","targetHints":{"allow":["GET"]}}],"collection":[{"href":"https:\/\/fozsports-events.com\/en\/wp-json\/wp\/v2\/pages"}],"about":[{"href":"https:\/\/fozsports-events.com\/en\/wp-json\/wp\/v2\/types\/page"}],"author":[{"embeddable":true,"href":"https:\/\/fozsports-events.com\/en\/wp-json\/wp\/v2\/users\/1"}],"replies":[{"embeddable":true,"href":"https:\/\/fozsports-events.com\/en\/wp-json\/wp\/v2\/comments?post=1529"}],"version-history":[{"count":2,"href":"https:\/\/fozsports-events.com\/en\/wp-json\/wp\/v2\/pages\/1529\/revisions"}],"predecessor-version":[{"id":1551,"href":"https:\/\/fozsports-events.com\/en\/wp-json\/wp\/v2\/pages\/1529\/revisions\/1551"}],"wp:attachment":[{"href":"https:\/\/fozsports-events.com\/en\/wp-json\/wp\/v2\/media?parent=1529"}],"curies":[{"name":"wp","href":"https:\/\/api.w.org\/{rel}","templated":true}]}}