{"id":1531,"date":"2017-03-02T15:52:23","date_gmt":"2017-03-02T15:52:23","guid":{"rendered":"http:\/\/fozsports-events.com\/?page_id=1531\/"},"modified":"2017-03-02T15:52:23","modified_gmt":"2017-03-02T15:52:23","slug":"iii-campus-elite-palma","status":"publish","type":"page","link":"https:\/\/fozsports-events.com\/en\/iii-campus-elite-palma\/","title":{"rendered":"III Campus \u00c9lite Palma"},"content":{"rendered":"<div id='av_section_1'  class='avia-section main_color avia-section-large avia-no-border-styling  avia-bg-style-scroll  avia-builder-el-0  el_before_av_section  avia-builder-el-first   container_wrap sidebar_right' style=' '  ><div class='container' ><main  role=\"main\" itemprop=\"mainContentOfPage\"  class='template-page content  av-content-small alpha units'><div class='post-entry post-entry-type-page post-entry-1531'><div class='entry-content-wrapper clearfix'>\n<div  style='padding-bottom:30px; font-size:70px;' class='av-special-heading av-special-heading-h1  blockquote modern-quote  avia-builder-el-1  el_before_av_one_full  avia-builder-el-first  av-thin-font av-inherit-size '><h1 class='av-special-heading-tag '  itemprop=\"headline\"  >III Campus \u00c9lite Palma<strong>.<\/strong><\/h1><div class='special-heading-border'><div class='special-heading-inner-border' ><\/div><\/div><\/div>\n<div class=\"flex_column av_one_full  flex_column_div av-zero-column-padding first  avia-builder-el-2  el_after_av_heading  avia-builder-el-last  \" style='border-radius:0px; '><section class=\"av_textblock_section \"  itemscope=\"itemscope\" itemtype=\"https:\/\/schema.org\/CreativeWork\" ><div class='avia_textblock  '   itemprop=\"text\" ><h4 class=\"vc_custom_heading\">Mejora tu baloncesto con \u00c1ngel Cepeda<\/h4>\n<\/div><\/section><\/div>\n\n<\/div><\/div><\/main><!-- close content main element --><\/div><\/div><div id='av_section_2'  class='avia-section alternate_color avia-section-huge avia-no-border-styling  avia-full-stretch av-section-color-overlay-active avia-bg-style-fixed  avia-builder-el-4  el_after_av_section  el_before_av_section   container_wrap sidebar_right' style='background-repeat: no-repeat; background-image: url(https:\/\/fozsports-events.com\/wp-content\/uploads\/2016\/02\/bg1.jpg);background-attachment: fixed; background-position: center center;  '  data-section-bg-repeat='stretch'><div class='av-section-color-overlay-wrap'><div class='av-section-color-overlay' style='opacity: 0.8; background-color: #000000; '><\/div><div class='container' ><div class='template-page content  av-content-small alpha units'><div class='post-entry post-entry-type-page post-entry-1531'><div class='entry-content-wrapper clearfix'>\n<div class='flex_column_table av-equal-height-column-flextable -flextable' style='margin-top:0px; margin-bottom:35px; '><div class=\"flex_column av_one_full  av-animated-generic bottom-to-top  avia-full-contain flex_column_table_cell av-equal-height-column av-align-top first  avia-builder-el-5  el_before_av_one_half  avia-builder-el-first  \" style='padding:15px 0px 0px 0px ; border-radius:0px; '><section class=\"av_textblock_section \"  itemscope=\"itemscope\" itemtype=\"https:\/\/schema.org\/CreativeWork\" ><div class='avia_textblock blanc '   itemprop=\"text\" ><p>Tras el rotundo \u00e9xito en la 2\u00aa Edici\u00f3n del Campus \u00c9lite Palma que tuvo lugar el pasado julio en el CIDE, en Palma de Mallorca\u2026 \u00a1Llega la <strong>3\u00aa Edici\u00f3n del Campus \u00c9lite Palma dirigido por \u00c1ngel Cepeda<\/strong>!<\/p>\n<p>Un a\u00f1o m\u00e1s constar\u00e1 de varias horas de entrenamiento diarias dedicadas al perfeccionamiento y mejora tanto f\u00edsica como t\u00e9cnica de los jugadores participantes que como siempre deber\u00e1n cumplir unos requisitos m\u00ednimos de nivel y que ser\u00e1n invitados individualmente por la Agencia Foz Sports &amp; Events y el propio \u00c1ngel Cepeda. En la \u00faltima edici\u00f3n, contamos con la participaci\u00f3n jugadores <strong>ACB, LEB Oro, LEB Plata, EBA<\/strong> y Internacionales en categor\u00edas inferiores.<\/p>\n<p>Como novedades, este a\u00f1o el Campus se llevar\u00e1 a cabo en un solo turno por semana durante las 3 primeras semanas de julio, quedando configurado del siguiente modo:<\/p>\n<ul>\n<li>Primer Grupo Profesional del 11 al 16 de julio: entrenamientos de 9 a 11 y de 17 a 20:30 h de lunes a viernes y el s\u00e1bado de 9:30 a 13:30 h.<\/li>\n<li>Segundo Grupo Profesional del 18 al 23 de julio: entrenamientos de 9 a 11 y de 17 a 20:30 h de lunes a viernes y el s\u00e1bado de 9:30 a 13:30 h.<\/li>\n<li>Grupo de J\u00f3venes Talentos del 25 al 30 de julio: entrenamientos de 16:30 a 21 h de lunes a viernes y el s\u00e1bado de 9:30 a 13:30 h.<\/li>\n<\/ul>\n<p>Los jugadores participantes en el Campus, entrenar\u00e1n un a\u00f1o m\u00e1s con uno de los mejores t\u00e9cnicos formadores, \u00c1ngel Cepeda y su equipo de profesionales con novedades que se ir\u00e1n anunciando pr\u00f3ximamente.<\/p>\n<p>Para la 3\u00aa Edici\u00f3n del Campus, contamos una vez m\u00e1s con el patrocinio de Meli\u00e0 Hotels International, que ofrece a nuestros participantes alojarse en el reformado TRYP Bosque, un hotel de categor\u00eda acorde con el nivel del Campus y sus jugadores que ya disfrutaron los participantes en la anterior edici\u00f3n del Campus.<\/p>\n<p>Otra de las novedades es el aterrizaje de IBERIA como patrocinador del Campus que permitir\u00e1 a los participantes venir a Mallorca con precios cerrados y reducidos durante las fechas del Evento. Otra compa\u00f1\u00eda m\u00e1s de nivel que se suma a nuestro evento.<\/p>\n<p>Por \u00faltimo, contaremos con la Colaboraci\u00f3n de Spalding en cuesti\u00f3n de material y de AXA en relaci\u00f3n a los seguros de nuestros participantes.<\/p>\n<p>Un a\u00f1o m\u00e1s\u2026 \u00a1OS ESPERAMOS! \u00bfTe lo vas a perder?<\/p>\n<\/div><\/section><\/div><\/div><!--close column table wrapper. Autoclose: 1 --><div class='flex_column_table av-equal-height-column-flextable -flextable' ><div class=\"flex_column av_one_half  av-animated-generic bottom-to-top  avia-full-contain flex_column_table_cell av-equal-height-column av-align-top first  avia-builder-el-7  el_after_av_one_full  el_before_av_one_half  column-top-margin\" style='padding:15px 0px 0px 0px ; border-radius:0px; '><p><div  style='padding-bottom:15px; color:#ffffff;font-size:20px;' class='av-special-heading av-special-heading-h3 custom-color-heading blockquote modern-quote modern-centered  avia-builder-el-8  el_before_av_slideshow  avia-builder-el-first  av-inherit-size '><h3 class='av-special-heading-tag '  itemprop=\"headline\"  >CAMPUS \u00c9LITE PALMA<\/h3><div class='special-heading-border'><div class='special-heading-inner-border' style='border-color:#ffffff'><\/div><\/div><\/div><br \/>\n<div   data-size='portfolio'  data-lightbox_size='large'  data-animation='slide'  data-conditional_play=''  data-ids='1027,1025,1026,1028,1029,1030,1031,803'  data-video_counter='0'  data-autoplay='false'  data-bg_slider='false'  data-slide_height=''  data-handle='av_slideshow'  data-interval='5'  data-class=' avia-builder-el-9  el_after_av_heading  el_before_av_textblock  dispositives-portfolio  avia-small-width-slider'  data-el_id=''  data-css_id=''  data-scroll_down=''  data-control_layout='av-control-default'  data-custom_markup=''  data-perma_caption=''  data-autoplay_stopper=''  data-image_attachment=''  data-min_height='0px'  data-lazy_loading='disabled'  data-default-height='80.808080808081'  class='avia-slideshow avia-slideshow-1  av-control-default av-default-height-applied avia-slideshow-portfolio av_slideshow  avia-builder-el-9  el_after_av_heading  el_before_av_textblock  dispositives-portfolio  avia-small-width-slider avia-slide-slider '  itemprop=\"image\" itemscope=\"itemscope\" itemtype=\"https:\/\/schema.org\/ImageObject\" ><ul class='avia-slideshow-inner ' style='padding-bottom: 80.808080808081%;' ><li  class=' av-single-slide slide-1 ' ><div data-rel='slideshow-1' class='avia-slide-wrap '   ><img decoding=\"async\" class=\"wp-image-3120 avia-img-lazy-loading-not-3120\"  src=\"https:\/\/fozsports-events.com\/wp-content\/uploads\/2016\/02\/eventos-col-petita.jpg\" width=\"495\" height=\"400\" title='eventos-col-petita' alt=''  itemprop=\"thumbnailUrl\" srcset=\"https:\/\/fozsports-events.com\/wp-content\/uploads\/2016\/02\/eventos-col-petita.jpg 495w, https:\/\/fozsports-events.com\/wp-content\/uploads\/2016\/02\/eventos-col-petita-300x242.jpg 300w, https:\/\/fozsports-events.com\/wp-content\/uploads\/2016\/02\/eventos-col-petita-450x364.jpg 450w\" sizes=\"(max-width: 495px) 100vw, 495px\" \/><\/div><\/li><\/ul><\/div><br \/>\n<section class=\"av_textblock_section \"  itemscope=\"itemscope\" itemtype=\"https:\/\/schema.org\/CreativeWork\" ><div class='avia_textblock blan '   itemprop=\"text\" ><p style=\"text-align: center;\"><strong>Algunos de los profesionales de la II Edici\u00f3n del Campus desde ACB hasta EBA.<\/strong><\/p>\n<p style=\"text-align: center;\">\u00bfEres un jugador profesional o de alto nivel y quieres participar en nuestro Campus? M\u00e1s informaci\u00f3n a continuaci\u00f3n:<\/p>\n<\/div><\/section><br \/>\n<div  class='avia-button-wrap avia-button-center  avia-builder-el-11  el_after_av_textblock  avia-builder-el-last ' ><a href='http:\/\/fozsports-events.com\/wp-content\/uploads\/2017\/02\/III-CAMPUS-\u00c9LITE-PALMA-1.pptx' class='avia-button  avia-color-light   avia-icon_select-no avia-size-medium avia-position-center ' target=\"_blank\" rel=\"noopener noreferrer\"><span class='avia_iconbox_title' >Programa Campus \u00c9lite Palma<\/span><\/a><\/div><\/p><\/div><div class='av-flex-placeholder'><\/div><div class=\"flex_column av_one_half  av-animated-generic bottom-to-top  avia-full-contain flex_column_table_cell av-equal-height-column av-align-top   avia-builder-el-12  el_after_av_one_half  avia-builder-el-last  column-top-margin\" style='padding:15px 0px 0px 0px ; border-radius:0px; '><p><div  style='padding-bottom:15px; color:#ffffff;font-size:20px;' class='av-special-heading av-special-heading-h3 custom-color-heading blockquote modern-quote modern-centered  avia-builder-el-13  el_before_av_slideshow  avia-builder-el-first  av-inherit-size '><h3 class='av-special-heading-tag '  itemprop=\"headline\"  >CEP J\u00d3VENES TALENTOS<\/h3><div class='special-heading-border'><div class='special-heading-inner-border' style='border-color:#ffffff'><\/div><\/div><\/div><br \/>\n<div   data-size='portfolio'  data-lightbox_size='large'  data-animation='slide'  data-conditional_play=''  data-ids='1036,1033,1035,1037,1034'  data-video_counter='0'  data-autoplay='false'  data-bg_slider='false'  data-slide_height=''  data-handle='av_slideshow'  data-interval='5'  data-class=' avia-builder-el-14  el_after_av_heading  el_before_av_textblock  dispositives-portfolio  avia-small-width-slider'  data-el_id=''  data-css_id=''  data-scroll_down=''  data-control_layout='av-control-default'  data-custom_markup=''  data-perma_caption=''  data-autoplay_stopper=''  data-image_attachment=''  data-min_height='0px'  data-lazy_loading='disabled'  data-default-height='80.808080808081'  class='avia-slideshow avia-slideshow-2  av-control-default av-default-height-applied avia-slideshow-portfolio av_slideshow  avia-builder-el-14  el_after_av_heading  el_before_av_textblock  dispositives-portfolio  avia-small-width-slider avia-slide-slider '  itemprop=\"image\" itemscope=\"itemscope\" itemtype=\"https:\/\/schema.org\/ImageObject\" ><ul class='avia-slideshow-inner ' style='padding-bottom: 80.808080808081%;' ><\/ul><\/div><br \/>\n<section class=\"av_textblock_section \"  itemscope=\"itemscope\" itemtype=\"https:\/\/schema.org\/CreativeWork\" ><div class='avia_textblock blan '   itemprop=\"text\" ><p style=\"text-align: center;\"><strong>Algunos de los j\u00f3venes talentos de la II Edici\u00f3n del Campus \u00c9lite Palma de J\u00f3venes.<\/strong><\/p>\n<p style=\"text-align: center;\">\u00bfEres un jugador de alto nivel en cantera y quieres participar en nuestro Campus? M\u00e1s informaci\u00f3n a continuaci\u00f3n:<\/p>\n<\/div><\/section><br \/>\n<div  class='avia-button-wrap avia-button-center  avia-builder-el-16  el_after_av_textblock  avia-builder-el-last ' ><a href='http:\/\/fozsports-events.com\/wp-content\/uploads\/2017\/02\/CEP-J\u00f3venes-Talentos-1.pptx' class='avia-button  avia-color-light   avia-icon_select-no avia-size-medium avia-position-center ' target=\"_blank\" rel=\"noopener noreferrer\"><span class='avia_iconbox_title' >Programa CEP J\u00f3venes Talentos<\/span><\/a><\/div><\/p><\/div><\/div><!--close column table wrapper. Autoclose: 1 --><\/div><\/div><\/div><!-- close content main div --><\/div><\/div><\/div><div id='av_section_3'  class='avia-section main_color avia-section-large avia-no-border-styling  avia-bg-style-scroll  avia-builder-el-17  el_after_av_section  avia-builder-el-last   container_wrap sidebar_right' style=' '  ><div class='container' ><div class='template-page content  av-content-small alpha units'><div class='post-entry post-entry-type-page post-entry-1531'><div class='entry-content-wrapper clearfix'>\n<div  style='padding-bottom:15px; color:#000000;font-size:20px;' class='av-special-heading av-special-heading-h3 custom-color-heading blockquote modern-quote modern-centered  avia-builder-el-18  el_before_av_partner  avia-builder-el-first  av-inherit-size '><h3 class='av-special-heading-tag '  itemprop=\"headline\"  >Patrocinadores y Colaboradores<\/h3><div class='special-heading-border'><div class='special-heading-inner-border' style='border-color:#000000'><\/div><\/div><\/div>\n<div   data-autoplay='true'  data-interval='5'  data-animation='slide'  class='avia-logo-element-container av-border-deactivate avia-logo-slider avia-content-slider avia-smallarrow-slider avia-content-slider-active noHover avia-content-slider1 avia-content-slider-odd  avia-builder-el-19  el_after_av_heading  el_before_av_one_full  ' ><div class='avia-smallarrow-slider-heading  no-logo-slider-heading '><div class='new-special-heading'>&nbsp;<\/div><div class='avia-slideshow-arrows avia-slideshow-controls'><a href='#prev' class='prev-slide' aria-hidden='true' data-av_icon='\ue87c' data-av_iconfont='entypo-fontello'>Previous<\/a><a href='#next' class='next-slide' aria-hidden='true' data-av_icon='\ue87d' data-av_iconfont='entypo-fontello'>Next<\/a><\/div><\/div><div class='avia-content-slider-inner'><div class='slide-entry-wrap' ><div  class='slide-entry flex_column no_margin post-entry slide-entry-overview slide-loop-1 slide-parity-odd  av_one_third first real-thumbnail'><\/div><div  class='slide-entry flex_column no_margin post-entry slide-entry-overview slide-loop-2 slide-parity-even  av_one_third  real-thumbnail'><\/div><div  class='slide-entry flex_column no_margin post-entry slide-entry-overview slide-loop-3 slide-parity-odd  av_one_third  real-thumbnail'><\/div><\/div><div class='slide-entry-wrap' ><div  class='slide-entry flex_column no_margin post-entry slide-entry-overview slide-loop-4 slide-parity-odd  av_one_third first real-thumbnail'><\/div><div  class='slide-entry flex_column no_margin post-entry slide-entry-overview slide-loop-5 slide-parity-even  av_one_third  real-thumbnail'><\/div><div  class='slide-entry flex_column no_margin post-entry slide-entry-overview slide-loop-6 slide-parity-odd  post-entry-last  av_one_third  real-thumbnail'><\/div><\/div><\/div><\/div>\n<div class=\"flex_column av_one_full  flex_column_div av-zero-column-padding first  avia-builder-el-20  el_after_av_partner  avia-builder-el-last  \" style='margin-top:40px; margin-bottom:0px; border-radius:0px; '><div  class='avia-image-container  av-styling-    avia-builder-el-21  avia-builder-el-no-sibling  avia-align-center '  itemprop=\"image\" itemscope=\"itemscope\" itemtype=\"https:\/\/schema.org\/ImageObject\"  ><div class='avia-image-container-inner'><div class='avia-image-overlay-wrap'><img decoding=\"async\" class='wp-image-0 avia-img-lazy-loading-not-0 avia_image' src=\"http:\/\/fozsports-events.com\/wp-content\/uploads\/2016\/05\/un-evento-una-causa.jpg\" alt='' title=''   itemprop=\"thumbnailUrl\"  \/><\/div><\/div><\/div><\/div>\n<\/div><\/div><\/div><!-- close content main div --><\/div><\/div><div id='after_section_3'  class='main_color av_default_container_wrap container_wrap sidebar_right' style=' '  ><div class='container' ><div class='template-page content  av-content-small alpha units'><div class='post-entry post-entry-type-page post-entry-1531'><div class='entry-content-wrapper clearfix'><\/p>\n","protected":false},"excerpt":{"rendered":"","protected":false},"author":1,"featured_media":0,"parent":0,"menu_order":0,"comment_status":"closed","ping_status":"closed","template":"","meta":{"footnotes":""},"class_list":["post-1531","page","type-page","status-publish","hentry"],"yoast_head":"<!-- This site is optimized with the Yoast SEO plugin v26.7 - https:\/\/yoast.com\/wordpress\/plugins\/seo\/ -->\n<title>III Campus \u00c9lite Palma - Foz Sports Events<\/title>\n<meta name=\"robots\" content=\"index, follow, max-snippet:-1, max-image-preview:large, max-video-preview:-1\" \/>\n<link rel=\"canonical\" href=\"https:\/\/fozsports-events.com\/en\/iii-campus-elite-palma\/\" \/>\n<meta property=\"og:locale\" content=\"en_US\" \/>\n<meta property=\"og:type\" content=\"article\" \/>\n<meta property=\"og:title\" content=\"III Campus \u00c9lite Palma - Foz Sports Events\" \/>\n<meta property=\"og:url\" content=\"https:\/\/fozsports-events.com\/en\/iii-campus-elite-palma\/\" \/>\n<meta property=\"og:site_name\" content=\"Foz Sports Events\" \/>\n<meta name=\"twitter:card\" content=\"summary_large_image\" \/>\n<meta name=\"twitter:label1\" content=\"Est. reading time\" \/>\n\t<meta name=\"twitter:data1\" content=\"9 minutes\" \/>\n<script type=\"application\/ld+json\" class=\"yoast-schema-graph\">{\"@context\":\"https:\/\/schema.org\",\"@graph\":[{\"@type\":\"WebPage\",\"@id\":\"https:\/\/fozsports-events.com\/en\/iii-campus-elite-palma\/\",\"url\":\"https:\/\/fozsports-events.com\/en\/iii-campus-elite-palma\/\",\"name\":\"III Campus \u00c9lite Palma - Foz Sports Events\",\"isPartOf\":{\"@id\":\"https:\/\/fozsports-events.com\/en\/mvpj29\/#website\"},\"datePublished\":\"2017-03-02T15:52:23+00:00\",\"breadcrumb\":{\"@id\":\"https:\/\/fozsports-events.com\/en\/iii-campus-elite-palma\/#breadcrumb\"},\"inLanguage\":\"en-US\",\"potentialAction\":[{\"@type\":\"ReadAction\",\"target\":[\"https:\/\/fozsports-events.com\/en\/iii-campus-elite-palma\/\"]}]},{\"@type\":\"BreadcrumbList\",\"@id\":\"https:\/\/fozsports-events.com\/en\/iii-campus-elite-palma\/#breadcrumb\",\"itemListElement\":[{\"@type\":\"ListItem\",\"position\":1,\"name\":\"Portada\",\"item\":\"https:\/\/fozsports-events.com\/en\/mvpj29\/\"},{\"@type\":\"ListItem\",\"position\":2,\"name\":\"III Campus \u00c9lite Palma\"}]},{\"@type\":\"WebSite\",\"@id\":\"https:\/\/fozsports-events.com\/en\/mvpj29\/#website\",\"url\":\"https:\/\/fozsports-events.com\/en\/mvpj29\/\",\"name\":\"Foz Sports Events\",\"description\":\"Foz Sports Events\",\"potentialAction\":[{\"@type\":\"SearchAction\",\"target\":{\"@type\":\"EntryPoint\",\"urlTemplate\":\"https:\/\/fozsports-events.com\/en\/mvpj29\/?s={search_term_string}\"},\"query-input\":{\"@type\":\"PropertyValueSpecification\",\"valueRequired\":true,\"valueName\":\"search_term_string\"}}],\"inLanguage\":\"en-US\"}]}<\/script>\n<!-- \/ Yoast SEO plugin. -->","yoast_head_json":{"title":"III Campus \u00c9lite Palma - Foz Sports Events","robots":{"index":"index","follow":"follow","max-snippet":"max-snippet:-1","max-image-preview":"max-image-preview:large","max-video-preview":"max-video-preview:-1"},"canonical":"https:\/\/fozsports-events.com\/en\/iii-campus-elite-palma\/","og_locale":"en_US","og_type":"article","og_title":"III Campus \u00c9lite Palma - Foz Sports Events","og_url":"https:\/\/fozsports-events.com\/en\/iii-campus-elite-palma\/","og_site_name":"Foz Sports Events","twitter_card":"summary_large_image","twitter_misc":{"Est. reading time":"9 minutes"},"schema":{"@context":"https:\/\/schema.org","@graph":[{"@type":"WebPage","@id":"https:\/\/fozsports-events.com\/en\/iii-campus-elite-palma\/","url":"https:\/\/fozsports-events.com\/en\/iii-campus-elite-palma\/","name":"III Campus \u00c9lite Palma - Foz Sports Events","isPartOf":{"@id":"https:\/\/fozsports-events.com\/en\/mvpj29\/#website"},"datePublished":"2017-03-02T15:52:23+00:00","breadcrumb":{"@id":"https:\/\/fozsports-events.com\/en\/iii-campus-elite-palma\/#breadcrumb"},"inLanguage":"en-US","potentialAction":[{"@type":"ReadAction","target":["https:\/\/fozsports-events.com\/en\/iii-campus-elite-palma\/"]}]},{"@type":"BreadcrumbList","@id":"https:\/\/fozsports-events.com\/en\/iii-campus-elite-palma\/#breadcrumb","itemListElement":[{"@type":"ListItem","position":1,"name":"Portada","item":"https:\/\/fozsports-events.com\/en\/mvpj29\/"},{"@type":"ListItem","position":2,"name":"III Campus \u00c9lite Palma"}]},{"@type":"WebSite","@id":"https:\/\/fozsports-events.com\/en\/mvpj29\/#website","url":"https:\/\/fozsports-events.com\/en\/mvpj29\/","name":"Foz Sports Events","description":"Foz Sports Events","potentialAction":[{"@type":"SearchAction","target":{"@type":"EntryPoint","urlTemplate":"https:\/\/fozsports-events.com\/en\/mvpj29\/?s={search_term_string}"},"query-input":{"@type":"PropertyValueSpecification","valueRequired":true,"valueName":"search_term_string"}}],"inLanguage":"en-US"}]}},"_links":{"self":[{"href":"https:\/\/fozsports-events.com\/en\/wp-json\/wp\/v2\/pages\/1531","targetHints":{"allow":["GET"]}}],"collection":[{"href":"https:\/\/fozsports-events.com\/en\/wp-json\/wp\/v2\/pages"}],"about":[{"href":"https:\/\/fozsports-events.com\/en\/wp-json\/wp\/v2\/types\/page"}],"author":[{"embeddable":true,"href":"https:\/\/fozsports-events.com\/en\/wp-json\/wp\/v2\/users\/1"}],"replies":[{"embeddable":true,"href":"https:\/\/fozsports-events.com\/en\/wp-json\/wp\/v2\/comments?post=1531"}],"version-history":[{"count":2,"href":"https:\/\/fozsports-events.com\/en\/wp-json\/wp\/v2\/pages\/1531\/revisions"}],"predecessor-version":[{"id":1550,"href":"https:\/\/fozsports-events.com\/en\/wp-json\/wp\/v2\/pages\/1531\/revisions\/1550"}],"wp:attachment":[{"href":"https:\/\/fozsports-events.com\/en\/wp-json\/wp\/v2\/media?parent=1531"}],"curies":[{"name":"wp","href":"https:\/\/api.w.org\/{rel}","templated":true}]}}