{"id":1534,"date":"2017-03-02T15:52:11","date_gmt":"2017-03-02T15:52:11","guid":{"rendered":"http:\/\/fozsports-events.com\/?page_id=1534\/"},"modified":"2017-03-02T15:52:11","modified_gmt":"2017-03-02T15:52:11","slug":"campus-elite-palma","status":"publish","type":"page","link":"https:\/\/fozsports-events.com\/en\/campus-elite-palma\/","title":{"rendered":"Campus \u00c9lite Palma"},"content":{"rendered":"<div id='av_section_1'  class='avia-section main_color avia-section-large avia-no-border-styling  avia-bg-style-scroll  avia-builder-el-0  el_before_av_section  avia-builder-el-first   container_wrap sidebar_right' style=' '  ><div class='container' ><main  role=\"main\" itemprop=\"mainContentOfPage\"  class='template-page content  av-content-small alpha units'><div class='post-entry post-entry-type-page post-entry-1534'><div class='entry-content-wrapper clearfix'>\n<div  style='padding-bottom:30px; font-size:70px;' class='av-special-heading av-special-heading-h1  blockquote modern-quote  avia-builder-el-1  el_before_av_one_full  avia-builder-el-first  av-thin-font av-inherit-size '><h1 class='av-special-heading-tag '  itemprop=\"headline\"  >Campus \u00c9lite Palma<strong>.<\/strong><\/h1><div class='special-heading-border'><div class='special-heading-inner-border' ><\/div><\/div><\/div>\n<div class=\"flex_column av_one_full  flex_column_div av-zero-column-padding first  avia-builder-el-2  el_after_av_heading  avia-builder-el-last  \" style='border-radius:0px; '><section class=\"av_textblock_section \"  itemscope=\"itemscope\" itemtype=\"https:\/\/schema.org\/CreativeWork\" ><div class='avia_textblock  '   itemprop=\"text\" ><h4 class=\"vc_custom_heading\">Mejora tu baloncesto con \u00c1ngel Cepeda<\/h4>\n<\/div><\/section><\/div>\n\n<\/div><\/div><\/main><!-- close content main element --><\/div><\/div><div id='av_section_2'  class='avia-section alternate_color avia-section-huge avia-no-border-styling  avia-full-stretch av-section-color-overlay-active avia-bg-style-fixed  avia-builder-el-4  el_after_av_section  el_before_av_section   container_wrap sidebar_right' style='background-repeat: no-repeat; background-image: url(https:\/\/fozsports-events.com\/wp-content\/uploads\/2016\/02\/bg1.jpg);background-attachment: fixed; background-position: center center;  '  data-section-bg-repeat='stretch'><div class='av-section-color-overlay-wrap'><div class='av-section-color-overlay' style='opacity: 0.8; background-color: #000000; '><\/div><div class='container' ><div class='template-page content  av-content-small alpha units'><div class='post-entry post-entry-type-page post-entry-1534'><div class='entry-content-wrapper clearfix'>\n<div class='flex_column_table av-equal-height-column-flextable -flextable' style='margin-top:0px; margin-bottom:35px; '><div class=\"flex_column av_one_full  av-animated-generic bottom-to-top  avia-full-contain flex_column_table_cell av-equal-height-column av-align-top first  avia-builder-el-5  el_before_av_one_half  avia-builder-el-first  \" style='padding:15px 0px 0px 0px ; border-radius:0px; '><section class=\"av_textblock_section \"  itemscope=\"itemscope\" itemtype=\"https:\/\/schema.org\/CreativeWork\" ><div class='avia_textblock blanc '   itemprop=\"text\" ><p>Rotundo \u00e9xito el de nuestro <strong>1er Campus \u00c9lite Palma<\/strong> que tuvo lugar del 7 al 11 de julio y del 14 al 18 de julio en las <strong>instalaciones del CIDE<\/strong>. El Campus se trataba de 7 horas de entrenamiento diarias dedicadas al perfeccionamiento y mejora tanto f\u00edsica como t\u00e9cnica de los jugadores participantes a mano de los siguientes entrenadores con <strong>\u00c1ngel Cepeda<\/strong> como director t\u00e9cnico y entrenador jefe:<\/p>\n<ul>\n<li><strong>\u00c1ngel Cepeda<\/strong>: Entrenador del Palma Air Europa LEB ORO y especialista en formaci\u00f3n y tecnificaci\u00f3n de jugadores.<\/li>\n<li><strong>\u00c1ngel Colino<\/strong>: Preparador f\u00edsico del Palma Air Europa y preparador f\u00edsico del Campus.<\/li>\n<li><strong>Juanan Serra<\/strong>: Responsable de la Selecci\u00f3n U12 y U13 Espa\u00f1olas y tecnificador en la base del Bah\u00eda San Agust\u00edn.<\/li>\n<li><strong>Daniel Vicente<\/strong>: Entrenador de formaci\u00f3n en las categor\u00edas bases de Consell.<\/li>\n<\/ul>\n<p>Los jugadores participantes en el Campus, eran jugadores SELECCIONADOS e INVITADOS por FozSports &amp; Events y \u00c1ngel Cepeda para la participaci\u00f3n. En los dos turnos, contamos con jugadores no s\u00f3lo a nivel balear sino nacional y de TODAS las categor\u00edas del baloncesto espa\u00f1ol.<\/p>\n<p>Por \u00faltimo, contaremos con la <strong>Colaboraci\u00f3n de Spalding<\/strong> en cuesti\u00f3n de material y de <strong>AXA<\/strong> en relaci\u00f3n a los seguros de nuestros participantes.<\/p>\n<p>Un a\u00f1o m\u00e1s\u2026 \u00a1OS ESPERAMOS! \u00bfTe lo vas a perder?<\/p>\n<\/div><\/section><\/div><\/div><!--close column table wrapper. Autoclose: 1 --><div class='flex_column_table av-equal-height-column-flextable -flextable' ><div class=\"flex_column av_one_half  av-animated-generic bottom-to-top  avia-full-contain flex_column_table_cell av-equal-height-column av-align-top first  avia-builder-el-7  el_after_av_one_full  el_before_av_one_half  column-top-margin\" style='padding:15px 0px 0px 0px ; border-radius:0px; '><p><div  style='padding-bottom:15px; color:#ffffff;font-size:20px;' class='av-special-heading av-special-heading-h3 custom-color-heading blockquote modern-quote modern-centered  avia-builder-el-8  el_before_av_image  avia-builder-el-first  av-inherit-size '><h3 class='av-special-heading-tag '  itemprop=\"headline\"  >CAMPUS \u00c9LITE PALMA 1\u00aa semana<\/h3><div class='special-heading-border'><div class='special-heading-inner-border' style='border-color:#ffffff'><\/div><\/div><\/div><br \/>\n<div  class='avia-image-container  av-styling-    avia-builder-el-9  el_after_av_heading  el_before_av_textblock  avia-align-center '  itemprop=\"image\" itemscope=\"itemscope\" itemtype=\"https:\/\/schema.org\/ImageObject\"  ><div class='avia-image-container-inner'><div class='avia-image-overlay-wrap'><img decoding=\"async\" class='wp-image-0 avia-img-lazy-loading-not-0 avia_image' src=\"http:\/\/fozsports-events.com\/wp-content\/uploads\/2017\/02\/primera-semana.jpg\" alt='' title=''   itemprop=\"thumbnailUrl\"  \/><\/div><\/div><\/div><br \/>\n<section class=\"av_textblock_section \"  itemscope=\"itemscope\" itemtype=\"https:\/\/schema.org\/CreativeWork\" ><div class='avia_textblock blan '   itemprop=\"text\" ><p style=\"text-align: center;\">Miki Servera (UCAM Murcia ACB).<br \/>\nAlberto Ruiz de Galarreta (Cocinas.com LEB Oro).<br \/>\nToni Vicens (Palma Air Europa LEB Oro).<br \/>\nLloren\u00e7 Llompart (Palma Air Europa LEB Oro).<br \/>\nJavier Medori (Guadalajara LEB Plata).<br \/>\nPau Comas (Opentach B\u00e0squet Pla EBA).<br \/>\nPep Toni Rom\u00e1n (CB Zamora EBA).<br \/>\nCarlos Poyatos (Ciutat d\u2019Inca 1\u00aa Nacional).<br \/>\nKalei Carter (Bah\u00eda San Agust\u00edn Junior).<br \/>\nPau Monroig (B\u00e0squet Mallorca Junior).<br \/>\nGabriel Rom\u00e1n (B\u00e0squet Mallorca Junior).<br \/>\nAlfonso Adjei (CIDE Junior).<br \/>\nSebasti\u00e1n Mill\u00e1n (CIDE Cadete).<br \/>\nPedro L\u00f3pez (Unicaja Infantil).<br \/>\nAlberto Jarrillo (Sant Josep Infantil).<br \/>\nGolden Dike (Unicaja Infantil).<\/p>\n<\/div><\/section><\/p><\/div><div class='av-flex-placeholder'><\/div><div class=\"flex_column av_one_half  av-animated-generic bottom-to-top  avia-full-contain flex_column_table_cell av-equal-height-column av-align-top   avia-builder-el-11  el_after_av_one_half  avia-builder-el-last  column-top-margin\" style='padding:15px 0px 0px 0px ; border-radius:0px; '><p><div  style='padding-bottom:15px; color:#ffffff;font-size:20px;' class='av-special-heading av-special-heading-h3 custom-color-heading blockquote modern-quote modern-centered  avia-builder-el-12  el_before_av_image  avia-builder-el-first  av-inherit-size '><h3 class='av-special-heading-tag '  itemprop=\"headline\"  >CEP J\u00d3VENES TALENTOS 2\u00aa semana<\/h3><div class='special-heading-border'><div class='special-heading-inner-border' style='border-color:#ffffff'><\/div><\/div><\/div><br \/>\n<div  class='avia-image-container  av-styling-    avia-builder-el-13  el_after_av_heading  el_before_av_textblock  avia-align-center '  itemprop=\"image\" itemscope=\"itemscope\" itemtype=\"https:\/\/schema.org\/ImageObject\"  ><div class='avia-image-container-inner'><div class='avia-image-overlay-wrap'><img decoding=\"async\" class='wp-image-0 avia-img-lazy-loading-not-0 avia_image' src=\"http:\/\/fozsports-events.com\/wp-content\/uploads\/2017\/02\/segona-semana.jpg\" alt='' title=''   itemprop=\"thumbnailUrl\"  \/><\/div><\/div><\/div><br \/>\n<section class=\"av_textblock_section \"  itemscope=\"itemscope\" itemtype=\"https:\/\/schema.org\/CreativeWork\" ><div class='avia_textblock blan '   itemprop=\"text\" ><p style=\"text-align: center;\">Miki Servera (UCAM Murcia ACB).<br \/>\nAlberto Ruiz de Galarreta (Cocinas.com LEB Oro).<br \/>\nToni Vicens (Palma Air Europa LEB Oro).<br \/>\nLloren\u00e7 Llompart (Palma Air Europa LEB Oro).<br \/>\nJavier Medori (Guadalajara LEB Plata).<br \/>\nPau Comas (Opentach B\u00e0squet Pla EBA).<br \/>\nPep Toni Rom\u00e1n (CB Zamora EBA).<br \/>\nCarlos Poyatos (Ciutat d\u2019Inca 1\u00aa Nacional).<br \/>\nKalei Carter (Bah\u00eda San Agust\u00edn Junior).<br \/>\nPau Monroig (B\u00e0squet Mallorca Junior).<br \/>\nGabriel Rom\u00e1n (B\u00e0squet Mallorca Junior).<br \/>\nAlfonso Adjei (CIDE Junior).<br \/>\nSebasti\u00e1n Mill\u00e1n (CIDE Cadete).<br \/>\nCarlos Vidal (Grup Barna 1\u00aa Catalana).<br \/>\nVictor Vaquer (CTEIB \u2013 La Salle).<br \/>\nBenjamin Arnold (Bah\u00eda San Agust\u00edn Junior).<br \/>\nAlberto Rodr\u00edguez (Sant Josep Junior).<br \/>\nD\u00eddac P\u00e9rez (Sant Josep Cadete).<\/p>\n<\/div><\/section><\/p><\/div><\/div><!--close column table wrapper. Autoclose: 1 -->\n\n<\/div><\/div><\/div><!-- close content main div --><\/div><\/div><\/div><div id='av_section_3'  class='avia-section main_color avia-section-large avia-no-border-styling  avia-bg-style-scroll  avia-builder-el-15  el_after_av_section  avia-builder-el-last   container_wrap sidebar_right' style=' '  ><div class='container' ><div class='template-page content  av-content-small alpha units'><div class='post-entry post-entry-type-page post-entry-1534'><div class='entry-content-wrapper clearfix'>\n<div  style='padding-bottom:15px; color:#000000;font-size:20px;' class='av-special-heading av-special-heading-h3 custom-color-heading blockquote modern-quote modern-centered  avia-builder-el-16  el_before_av_partner  avia-builder-el-first  av-inherit-size '><h3 class='av-special-heading-tag '  itemprop=\"headline\"  >Patrocinadores y Colaboradores<\/h3><div class='special-heading-border'><div class='special-heading-inner-border' style='border-color:#000000'><\/div><\/div><\/div>\n<div   data-autoplay='true'  data-interval='5'  data-animation='slide'  class='avia-logo-element-container av-border-deactivate avia-logo-slider avia-content-slider avia-smallarrow-slider avia-content-slider-active noHover avia-content-slider1 avia-content-slider-even  avia-builder-el-17  el_after_av_heading  el_before_av_one_full  ' ><div class='avia-smallarrow-slider-heading  no-logo-slider-heading '><div class='new-special-heading'>&nbsp;<\/div><\/div><div class='avia-content-slider-inner'><div class='slide-entry-wrap' ><div  class='slide-entry flex_column no_margin post-entry slide-entry-overview slide-loop-1 slide-parity-odd  av_one_half first real-thumbnail'><\/div><div  class='slide-entry flex_column no_margin post-entry slide-entry-overview slide-loop-2 slide-parity-even  post-entry-last  av_one_half  real-thumbnail'><\/div><\/div><\/div><\/div>\n<div class=\"flex_column av_one_full  flex_column_div av-zero-column-padding first  avia-builder-el-18  el_after_av_partner  avia-builder-el-last  \" style='margin-top:40px; margin-bottom:0px; border-radius:0px; '><div  class='avia-image-container  av-styling-    avia-builder-el-19  avia-builder-el-no-sibling  avia-align-center '  itemprop=\"image\" itemscope=\"itemscope\" itemtype=\"https:\/\/schema.org\/ImageObject\"  ><div class='avia-image-container-inner'><div class='avia-image-overlay-wrap'><img decoding=\"async\" class='wp-image-0 avia-img-lazy-loading-not-0 avia_image' src=\"http:\/\/fozsports-events.com\/wp-content\/uploads\/2016\/05\/un-evento-una-causa.jpg\" alt='' title=''   itemprop=\"thumbnailUrl\"  \/><\/div><\/div><\/div><\/div><\/div><\/div><\/div><!-- close content main div --><\/div><\/div><div id='after_section_3'  class='main_color av_default_container_wrap container_wrap sidebar_right' style=' '  ><div class='container' ><div class='template-page content  av-content-small alpha units'><div class='post-entry post-entry-type-page post-entry-1534'><div class='entry-content-wrapper clearfix'>\n","protected":false},"excerpt":{"rendered":"","protected":false},"author":1,"featured_media":0,"parent":0,"menu_order":0,"comment_status":"closed","ping_status":"closed","template":"","meta":{"footnotes":""},"class_list":["post-1534","page","type-page","status-publish","hentry"],"yoast_head":"<!-- This site is optimized with the Yoast SEO plugin v26.7 - https:\/\/yoast.com\/wordpress\/plugins\/seo\/ -->\n<title>Campus \u00c9lite Palma - Foz Sports Events<\/title>\n<meta name=\"robots\" content=\"index, follow, max-snippet:-1, max-image-preview:large, max-video-preview:-1\" \/>\n<link rel=\"canonical\" href=\"https:\/\/fozsports-events.com\/en\/campus-elite-palma\/\" \/>\n<meta property=\"og:locale\" content=\"en_US\" \/>\n<meta property=\"og:type\" content=\"article\" \/>\n<meta property=\"og:title\" content=\"Campus \u00c9lite Palma - Foz Sports Events\" \/>\n<meta property=\"og:url\" content=\"https:\/\/fozsports-events.com\/en\/campus-elite-palma\/\" \/>\n<meta property=\"og:site_name\" content=\"Foz Sports Events\" \/>\n<meta name=\"twitter:card\" content=\"summary_large_image\" \/>\n<meta name=\"twitter:label1\" content=\"Est. reading time\" \/>\n\t<meta name=\"twitter:data1\" content=\"7 minutes\" \/>\n<script type=\"application\/ld+json\" class=\"yoast-schema-graph\">{\"@context\":\"https:\/\/schema.org\",\"@graph\":[{\"@type\":\"WebPage\",\"@id\":\"https:\/\/fozsports-events.com\/en\/campus-elite-palma\/\",\"url\":\"https:\/\/fozsports-events.com\/en\/campus-elite-palma\/\",\"name\":\"Campus \u00c9lite Palma - Foz Sports Events\",\"isPartOf\":{\"@id\":\"https:\/\/fozsports-events.com\/en\/mvpj29\/#website\"},\"datePublished\":\"2017-03-02T15:52:11+00:00\",\"breadcrumb\":{\"@id\":\"https:\/\/fozsports-events.com\/en\/campus-elite-palma\/#breadcrumb\"},\"inLanguage\":\"en-US\",\"potentialAction\":[{\"@type\":\"ReadAction\",\"target\":[\"https:\/\/fozsports-events.com\/en\/campus-elite-palma\/\"]}]},{\"@type\":\"BreadcrumbList\",\"@id\":\"https:\/\/fozsports-events.com\/en\/campus-elite-palma\/#breadcrumb\",\"itemListElement\":[{\"@type\":\"ListItem\",\"position\":1,\"name\":\"Portada\",\"item\":\"https:\/\/fozsports-events.com\/en\/mvpj29\/\"},{\"@type\":\"ListItem\",\"position\":2,\"name\":\"Campus \u00c9lite Palma\"}]},{\"@type\":\"WebSite\",\"@id\":\"https:\/\/fozsports-events.com\/en\/mvpj29\/#website\",\"url\":\"https:\/\/fozsports-events.com\/en\/mvpj29\/\",\"name\":\"Foz Sports Events\",\"description\":\"Foz Sports Events\",\"potentialAction\":[{\"@type\":\"SearchAction\",\"target\":{\"@type\":\"EntryPoint\",\"urlTemplate\":\"https:\/\/fozsports-events.com\/en\/mvpj29\/?s={search_term_string}\"},\"query-input\":{\"@type\":\"PropertyValueSpecification\",\"valueRequired\":true,\"valueName\":\"search_term_string\"}}],\"inLanguage\":\"en-US\"}]}<\/script>\n<!-- \/ Yoast SEO plugin. -->","yoast_head_json":{"title":"Campus \u00c9lite Palma - Foz Sports Events","robots":{"index":"index","follow":"follow","max-snippet":"max-snippet:-1","max-image-preview":"max-image-preview:large","max-video-preview":"max-video-preview:-1"},"canonical":"https:\/\/fozsports-events.com\/en\/campus-elite-palma\/","og_locale":"en_US","og_type":"article","og_title":"Campus \u00c9lite Palma - Foz Sports Events","og_url":"https:\/\/fozsports-events.com\/en\/campus-elite-palma\/","og_site_name":"Foz Sports Events","twitter_card":"summary_large_image","twitter_misc":{"Est. reading time":"7 minutes"},"schema":{"@context":"https:\/\/schema.org","@graph":[{"@type":"WebPage","@id":"https:\/\/fozsports-events.com\/en\/campus-elite-palma\/","url":"https:\/\/fozsports-events.com\/en\/campus-elite-palma\/","name":"Campus \u00c9lite Palma - Foz Sports Events","isPartOf":{"@id":"https:\/\/fozsports-events.com\/en\/mvpj29\/#website"},"datePublished":"2017-03-02T15:52:11+00:00","breadcrumb":{"@id":"https:\/\/fozsports-events.com\/en\/campus-elite-palma\/#breadcrumb"},"inLanguage":"en-US","potentialAction":[{"@type":"ReadAction","target":["https:\/\/fozsports-events.com\/en\/campus-elite-palma\/"]}]},{"@type":"BreadcrumbList","@id":"https:\/\/fozsports-events.com\/en\/campus-elite-palma\/#breadcrumb","itemListElement":[{"@type":"ListItem","position":1,"name":"Portada","item":"https:\/\/fozsports-events.com\/en\/mvpj29\/"},{"@type":"ListItem","position":2,"name":"Campus \u00c9lite Palma"}]},{"@type":"WebSite","@id":"https:\/\/fozsports-events.com\/en\/mvpj29\/#website","url":"https:\/\/fozsports-events.com\/en\/mvpj29\/","name":"Foz Sports Events","description":"Foz Sports Events","potentialAction":[{"@type":"SearchAction","target":{"@type":"EntryPoint","urlTemplate":"https:\/\/fozsports-events.com\/en\/mvpj29\/?s={search_term_string}"},"query-input":{"@type":"PropertyValueSpecification","valueRequired":true,"valueName":"search_term_string"}}],"inLanguage":"en-US"}]}},"_links":{"self":[{"href":"https:\/\/fozsports-events.com\/en\/wp-json\/wp\/v2\/pages\/1534","targetHints":{"allow":["GET"]}}],"collection":[{"href":"https:\/\/fozsports-events.com\/en\/wp-json\/wp\/v2\/pages"}],"about":[{"href":"https:\/\/fozsports-events.com\/en\/wp-json\/wp\/v2\/types\/page"}],"author":[{"embeddable":true,"href":"https:\/\/fozsports-events.com\/en\/wp-json\/wp\/v2\/users\/1"}],"replies":[{"embeddable":true,"href":"https:\/\/fozsports-events.com\/en\/wp-json\/wp\/v2\/comments?post=1534"}],"version-history":[{"count":2,"href":"https:\/\/fozsports-events.com\/en\/wp-json\/wp\/v2\/pages\/1534\/revisions"}],"predecessor-version":[{"id":1549,"href":"https:\/\/fozsports-events.com\/en\/wp-json\/wp\/v2\/pages\/1534\/revisions\/1549"}],"wp:attachment":[{"href":"https:\/\/fozsports-events.com\/en\/wp-json\/wp\/v2\/media?parent=1534"}],"curies":[{"name":"wp","href":"https:\/\/api.w.org\/{rel}","templated":true}]}}