{"id":1536,"date":"2017-03-02T14:59:04","date_gmt":"2017-03-02T14:59:04","guid":{"rendered":"http:\/\/fozsports-events.com\/?page_id=1536\/"},"modified":"2017-03-02T15:51:58","modified_gmt":"2017-03-02T15:51:58","slug":"ii-campus-elite-palma","status":"publish","type":"page","link":"https:\/\/fozsports-events.com\/en\/ii-campus-elite-palma\/","title":{"rendered":"II Campus \u00c9lite Palma"},"content":{"rendered":"<div id='av_section_1'  class='avia-section main_color avia-section-large avia-no-border-styling  avia-bg-style-scroll  avia-builder-el-0  el_before_av_section  avia-builder-el-first   container_wrap sidebar_right' style=' '  ><div class='container' ><main  role=\"main\" itemprop=\"mainContentOfPage\"  class='template-page content  av-content-small alpha units'><div class='post-entry post-entry-type-page post-entry-1536'><div class='entry-content-wrapper clearfix'>\n<div  style='padding-bottom:30px; font-size:70px;' class='av-special-heading av-special-heading-h1  blockquote modern-quote  avia-builder-el-1  el_before_av_one_full  avia-builder-el-first  av-thin-font av-inherit-size '><h1 class='av-special-heading-tag '  itemprop=\"headline\"  >II Campus \u00c9lite Palma<strong>.<\/strong><\/h1><div class='special-heading-border'><div class='special-heading-inner-border' ><\/div><\/div><\/div>\n<div class=\"flex_column av_one_full  flex_column_div av-zero-column-padding first  avia-builder-el-2  el_after_av_heading  avia-builder-el-last  \" style='border-radius:0px; '><section class=\"av_textblock_section \"  itemscope=\"itemscope\" itemtype=\"https:\/\/schema.org\/CreativeWork\" ><div class='avia_textblock  '   itemprop=\"text\" ><h4 class=\"vc_custom_heading\">Mejora tu baloncesto con \u00c1ngel Cepeda<\/h4>\n<\/div><\/section><\/div><\/div><\/div><\/main><!-- close content main element --><\/div><\/div><div id='av_section_2'  class='avia-section alternate_color avia-section-huge avia-no-border-styling  avia-full-stretch av-section-color-overlay-active avia-bg-style-fixed  avia-builder-el-4  el_after_av_section  el_before_av_section   container_wrap sidebar_right' style='background-repeat: no-repeat; background-image: url(https:\/\/fozsports-events.com\/wp-content\/uploads\/2016\/02\/bg1.jpg);background-attachment: fixed; background-position: center center;  '  data-section-bg-repeat='stretch'><div class='av-section-color-overlay-wrap'><div class='av-section-color-overlay' style='opacity: 0.8; background-color: #000000; '><\/div><div class='container' ><div class='template-page content  av-content-small alpha units'><div class='post-entry post-entry-type-page post-entry-1536'><div class='entry-content-wrapper clearfix'>\n<div class='flex_column_table av-equal-height-column-flextable -flextable' style='margin-top:0px; margin-bottom:35px; '><div class=\"flex_column av_one_full  av-animated-generic bottom-to-top  avia-full-contain flex_column_table_cell av-equal-height-column av-align-top first  avia-builder-el-5  el_before_av_one_half  avia-builder-el-first  \" style='padding:15px 0px 0px 0px ; border-radius:0px; '><section class=\"av_textblock_section \"  itemscope=\"itemscope\" itemtype=\"https:\/\/schema.org\/CreativeWork\" ><div class='avia_textblock blanc '   itemprop=\"text\" ><p>Rotundo \u00e9xito en la <strong>2\u00aa Edici\u00f3n del Campus \u00c9lite Palma<\/strong> que tuvo lugar del 6 al 10 de julio y del 13 al 17 de julio en las instalaciones del <strong>CIDE<\/strong>. El Campus se trataba de 4 horas y media de entrenamiento diarias dedicadas al perfeccionamiento y mejora tanto f\u00edsica como t\u00e9cnica de los jugadores participantes a mano de los siguientes entrenadores con \u00c1ngel Cepeda como director t\u00e9cnico y entrenador jefe:<\/p>\n<ul>\n<li><strong>\u00c1ngel Cepeda<\/strong>: Entrenador del Palma Air Europa LEB ORO y especialista en formaci\u00f3n y tecnificaci\u00f3n de jugadores.<\/li>\n<li><strong>\u00c1ngel Colino<\/strong>: Preparador f\u00edsico del Palma Air Europa y preparador f\u00edsico del Campus.<\/li>\n<li><strong>Juanan Serra<\/strong>: Responsable de la Selecci\u00f3n U12 y U13 Espa\u00f1olas y tecnificador en la base del Bah\u00eda San Agust\u00edn.<\/li>\n<li><strong>Javier Cervera<\/strong>: Encargado del Scouting del Palma Air Europa.<\/li>\n<\/ul>\n<p>Los jugadores participantes en el Campus, fueron SELECCIONADOS e INVITADOS por FozSports &amp; Events y \u00c1ngel Cepeda para la participaci\u00f3n. En los dos turnos, contamos con jugadores no s\u00f3lo a nivel balear sino nacional y de <strong>TODAS las categor\u00edas del baloncesto espa\u00f1ol<\/strong>. Como novedad, contamos con el patrocinio de <strong>Meli\u00e0 Hotels International<\/strong>, que permiti\u00f3 que nuestros participantes se alojaran en el <strong>TRYP Bosque<\/strong>, un hotel de categor\u00eda acorde con el nivel del Campus y sus participantes.<\/p>\n<\/div><\/section><\/div><\/div><!--close column table wrapper. Autoclose: 1 --><div class='flex_column_table av-equal-height-column-flextable -flextable' ><div class=\"flex_column av_one_half  av-animated-generic bottom-to-top  avia-full-contain flex_column_table_cell av-equal-height-column av-align-top first  avia-builder-el-7  el_after_av_one_full  el_before_av_one_half  column-top-margin\" style='padding:15px 0px 0px 0px ; border-radius:0px; '><p><div  style='padding-bottom:15px; color:#ffffff;font-size:20px;' class='av-special-heading av-special-heading-h3 custom-color-heading blockquote modern-quote modern-centered  avia-builder-el-8  el_before_av_image  avia-builder-el-first  av-inherit-size '><h3 class='av-special-heading-tag '  itemprop=\"headline\"  >Grupo profesional 1\u00aa semana<\/h3><div class='special-heading-border'><div class='special-heading-inner-border' style='border-color:#ffffff'><\/div><\/div><\/div><br \/>\n<div  class='avia-image-container  av-styling-    avia-builder-el-9  el_after_av_heading  el_before_av_textblock  avia-align-center '  itemprop=\"image\" itemscope=\"itemscope\" itemtype=\"https:\/\/schema.org\/ImageObject\"  ><div class='avia-image-container-inner'><div class='avia-image-overlay-wrap'><img decoding=\"async\" class='wp-image-0 avia-img-lazy-loading-not-0 avia_image' src=\"http:\/\/fozsports-events.com\/wp-content\/uploads\/2017\/02\/primera-semana-1.jpg\" alt='' title=''   itemprop=\"thumbnailUrl\"  \/><\/div><\/div><\/div><br \/>\n<section class=\"av_textblock_section \"  itemscope=\"itemscope\" itemtype=\"https:\/\/schema.org\/CreativeWork\" ><div class='avia_textblock blan '   itemprop=\"text\" ><p style=\"text-align: center;\">V\u00edctor Arteaga (UCAM Murcia ACB)<br \/>\nMarcos Paulo (Angola)<br \/>\nJoao Manda (Angola)<br \/>\nGabriel Rom\u00e1n (Grupo Juaneda EBA \u2013 Foz Sports)<br \/>\nRodrigo Deus (Grupo Juaneda EBA)<br \/>\nAar\u00f3n Ortega (Bah\u00eda San Agust\u00edn Nacional)<br \/>\nMiguel Mart\u00ednez (Valencia Basket EBA \u2013 Foz Sports)<br \/>\nDavid \u00c1vila (BBA Castelldefels EBA \u2013 Foz Sports)<br \/>\nCarlos Poyatos (Palma Air Europa LEB Oro)<br \/>\nMiquel Fons (Real Madrid J\u00fanior y EBA)<br \/>\nJaime Fern\u00e1ndez (Movistar Estudiantes ACB)<br \/>\nJavier Medori (Palma Air Europa LEB Oro)<br \/>\nCarlos Mart\u00ednez (Laboral Kutxa ACB (cedido a Fundacion Lucentum LEB Plata)<br \/>\nMarc Bauz\u00e1 (CB Prat LEB Oro)<\/p>\n<\/div><\/section><\/p><\/div><div class='av-flex-placeholder'><\/div><div class=\"flex_column av_one_half  av-animated-generic bottom-to-top  avia-full-contain flex_column_table_cell av-equal-height-column av-align-top   avia-builder-el-11  el_after_av_one_half  avia-builder-el-last  column-top-margin\" style='padding:15px 0px 0px 0px ; border-radius:0px; '><p><div  style='padding-bottom:15px; color:#ffffff;font-size:20px;' class='av-special-heading av-special-heading-h3 custom-color-heading blockquote modern-quote modern-centered  avia-builder-el-12  el_before_av_image  avia-builder-el-first  av-inherit-size '><h3 class='av-special-heading-tag '  itemprop=\"headline\"  >Grupo profesional 2\u00aa semana<\/h3><div class='special-heading-border'><div class='special-heading-inner-border' style='border-color:#ffffff'><\/div><\/div><\/div><br \/>\n<div  class='avia-image-container  av-styling-    avia-builder-el-13  el_after_av_heading  el_before_av_textblock  avia-align-center '  itemprop=\"image\" itemscope=\"itemscope\" itemtype=\"https:\/\/schema.org\/ImageObject\"  ><div class='avia-image-container-inner'><div class='avia-image-overlay-wrap'><img decoding=\"async\" class='wp-image-0 avia-img-lazy-loading-not-0 avia_image' src=\"http:\/\/fozsports-events.com\/wp-content\/uploads\/2017\/02\/segona-semana-1.jpg\" alt='' title=''   itemprop=\"thumbnailUrl\"  \/><\/div><\/div><\/div><br \/>\n<section class=\"av_textblock_section \"  itemscope=\"itemscope\" itemtype=\"https:\/\/schema.org\/CreativeWork\" ><div class='avia_textblock blan '   itemprop=\"text\" ><p style=\"text-align: center;\">Daniel Fern\u00e1ndez (Randers Cimbria Basketligaen \u2013 Foz Sports)<br \/>\nSergio Revert (Basquet Gand\u00eda J\u00fanior y EBA)<br \/>\nV\u00edctor Arteaga (UCAM Murcia ACB)<br \/>\nGabriel Rom\u00e1n (Grupo Juaneda EBA \u2013 Foz Sports)<br \/>\nMarcos Paulo (Angola)<br \/>\nJoao Manda (Angola)<br \/>\nRodrigo Deus (Grupo Juaneda EBA)<br \/>\nJes\u00fas Gonz\u00e1lez (Bah\u00eda San Agust\u00edn J\u00fanior)<br \/>\nAar\u00f3n Ortega (Bah\u00eda San Agust\u00edn Nacional)<br \/>\nCarlos Poyatos (Palma Air Europa LEB Oro)<br \/>\nMiquel Fons (Real Madrid J\u00fanior y EBA)<br \/>\nRodrigo Cid (Virgen de la Concha EBA \u2013 Foz Sports)<br \/>\nAlejandro Vergara (CB Mor\u00f3n LEB Plata \u2013 Foz Sports)<br \/>\nTomeu Rigo (Baloncesto Sevilla ACB)<br \/>\nMarc Bauz\u00e1 (CB Prat LEB Oro)<\/p>\n<\/div><\/section><\/p><\/div><\/div><!--close column table wrapper. Autoclose: 1 --><\/div><\/div><\/div><!-- close content main div --><\/div><\/div><\/div><div id='av_section_3'  class='avia-section main_color avia-section-large avia-no-border-styling  avia-bg-style-scroll  avia-builder-el-15  el_after_av_section  avia-builder-el-last   container_wrap sidebar_right' style=' '  ><div class='container' ><div class='template-page content  av-content-small alpha units'><div class='post-entry post-entry-type-page post-entry-1536'><div class='entry-content-wrapper clearfix'>\n<div  style='padding-bottom:15px; color:#000000;font-size:20px;' class='av-special-heading av-special-heading-h3 custom-color-heading blockquote modern-quote modern-centered  avia-builder-el-16  el_before_av_partner  avia-builder-el-first  av-inherit-size '><h3 class='av-special-heading-tag '  itemprop=\"headline\"  >Patrocinadores y Colaboradores<\/h3><div class='special-heading-border'><div class='special-heading-inner-border' style='border-color:#000000'><\/div><\/div><\/div>\n<div   data-autoplay='true'  data-interval='5'  data-animation='slide'  class='avia-logo-element-container av-border-deactivate avia-logo-slider avia-content-slider avia-smallarrow-slider avia-content-slider-active noHover avia-content-slider1 avia-content-slider-odd  avia-builder-el-17  el_after_av_heading  el_before_av_one_full  ' ><div class='avia-smallarrow-slider-heading  no-logo-slider-heading '><div class='new-special-heading'>&nbsp;<\/div><\/div><div class='avia-content-slider-inner'><div class='slide-entry-wrap' ><div  class='slide-entry flex_column no_margin post-entry slide-entry-overview slide-loop-1 slide-parity-odd  av_one_third first real-thumbnail'><\/div><div  class='slide-entry flex_column no_margin post-entry slide-entry-overview slide-loop-2 slide-parity-even  av_one_third  real-thumbnail'><\/div><div  class='slide-entry flex_column no_margin post-entry slide-entry-overview slide-loop-3 slide-parity-odd  post-entry-last  av_one_third  real-thumbnail'><\/div><\/div><\/div><\/div>\n<div class=\"flex_column av_one_full  flex_column_div av-zero-column-padding first  avia-builder-el-18  el_after_av_partner  avia-builder-el-last  \" style='margin-top:40px; margin-bottom:0px; border-radius:0px; '><div  class='avia-image-container  av-styling-    avia-builder-el-19  avia-builder-el-no-sibling  avia-align-center '  itemprop=\"image\" itemscope=\"itemscope\" itemtype=\"https:\/\/schema.org\/ImageObject\"  ><div class='avia-image-container-inner'><div class='avia-image-overlay-wrap'><img decoding=\"async\" class='wp-image-0 avia-img-lazy-loading-not-0 avia_image' src=\"http:\/\/fozsports-events.com\/wp-content\/uploads\/2016\/05\/un-evento-una-causa.jpg\" alt='' title=''   itemprop=\"thumbnailUrl\"  \/><\/div><\/div><\/div><\/div><\/div><\/div><\/div><!-- close content main div --><\/div><\/div><div id='after_section_3'  class='main_color av_default_container_wrap container_wrap sidebar_right' style=' '  ><div class='container' ><div class='template-page content  av-content-small alpha units'><div class='post-entry post-entry-type-page post-entry-1536'><div class='entry-content-wrapper clearfix'><\/p>\n","protected":false},"excerpt":{"rendered":"","protected":false},"author":1,"featured_media":0,"parent":0,"menu_order":0,"comment_status":"closed","ping_status":"closed","template":"","meta":{"footnotes":""},"class_list":["post-1536","page","type-page","status-publish","hentry"],"yoast_head":"<!-- This site is optimized with the Yoast SEO plugin v26.7 - https:\/\/yoast.com\/wordpress\/plugins\/seo\/ -->\n<title>II Campus \u00c9lite Palma - Foz Sports Events<\/title>\n<meta name=\"robots\" content=\"index, follow, max-snippet:-1, max-image-preview:large, max-video-preview:-1\" \/>\n<link rel=\"canonical\" href=\"https:\/\/fozsports-events.com\/en\/ii-campus-elite-palma\/\" \/>\n<meta property=\"og:locale\" content=\"en_US\" \/>\n<meta property=\"og:type\" content=\"article\" \/>\n<meta property=\"og:title\" content=\"II Campus \u00c9lite Palma - Foz Sports Events\" \/>\n<meta property=\"og:url\" content=\"https:\/\/fozsports-events.com\/en\/ii-campus-elite-palma\/\" \/>\n<meta property=\"og:site_name\" content=\"Foz Sports Events\" \/>\n<meta property=\"article:modified_time\" content=\"2017-03-02T15:51:58+00:00\" \/>\n<meta name=\"twitter:card\" content=\"summary_large_image\" \/>\n<meta name=\"twitter:label1\" content=\"Est. reading time\" \/>\n\t<meta name=\"twitter:data1\" content=\"7 minutes\" \/>\n<script type=\"application\/ld+json\" class=\"yoast-schema-graph\">{\"@context\":\"https:\/\/schema.org\",\"@graph\":[{\"@type\":\"WebPage\",\"@id\":\"https:\/\/fozsports-events.com\/en\/ii-campus-elite-palma\/\",\"url\":\"https:\/\/fozsports-events.com\/en\/ii-campus-elite-palma\/\",\"name\":\"II Campus \u00c9lite Palma - Foz Sports Events\",\"isPartOf\":{\"@id\":\"https:\/\/fozsports-events.com\/en\/mvpj29\/#website\"},\"datePublished\":\"2017-03-02T14:59:04+00:00\",\"dateModified\":\"2017-03-02T15:51:58+00:00\",\"breadcrumb\":{\"@id\":\"https:\/\/fozsports-events.com\/en\/ii-campus-elite-palma\/#breadcrumb\"},\"inLanguage\":\"en-US\",\"potentialAction\":[{\"@type\":\"ReadAction\",\"target\":[\"https:\/\/fozsports-events.com\/en\/ii-campus-elite-palma\/\"]}]},{\"@type\":\"BreadcrumbList\",\"@id\":\"https:\/\/fozsports-events.com\/en\/ii-campus-elite-palma\/#breadcrumb\",\"itemListElement\":[{\"@type\":\"ListItem\",\"position\":1,\"name\":\"Portada\",\"item\":\"https:\/\/fozsports-events.com\/en\/mvpj29\/\"},{\"@type\":\"ListItem\",\"position\":2,\"name\":\"II Campus \u00c9lite Palma\"}]},{\"@type\":\"WebSite\",\"@id\":\"https:\/\/fozsports-events.com\/en\/mvpj29\/#website\",\"url\":\"https:\/\/fozsports-events.com\/en\/mvpj29\/\",\"name\":\"Foz Sports Events\",\"description\":\"Foz Sports Events\",\"potentialAction\":[{\"@type\":\"SearchAction\",\"target\":{\"@type\":\"EntryPoint\",\"urlTemplate\":\"https:\/\/fozsports-events.com\/en\/mvpj29\/?s={search_term_string}\"},\"query-input\":{\"@type\":\"PropertyValueSpecification\",\"valueRequired\":true,\"valueName\":\"search_term_string\"}}],\"inLanguage\":\"en-US\"}]}<\/script>\n<!-- \/ Yoast SEO plugin. -->","yoast_head_json":{"title":"II Campus \u00c9lite Palma - Foz Sports Events","robots":{"index":"index","follow":"follow","max-snippet":"max-snippet:-1","max-image-preview":"max-image-preview:large","max-video-preview":"max-video-preview:-1"},"canonical":"https:\/\/fozsports-events.com\/en\/ii-campus-elite-palma\/","og_locale":"en_US","og_type":"article","og_title":"II Campus \u00c9lite Palma - Foz Sports Events","og_url":"https:\/\/fozsports-events.com\/en\/ii-campus-elite-palma\/","og_site_name":"Foz Sports Events","article_modified_time":"2017-03-02T15:51:58+00:00","twitter_card":"summary_large_image","twitter_misc":{"Est. reading time":"7 minutes"},"schema":{"@context":"https:\/\/schema.org","@graph":[{"@type":"WebPage","@id":"https:\/\/fozsports-events.com\/en\/ii-campus-elite-palma\/","url":"https:\/\/fozsports-events.com\/en\/ii-campus-elite-palma\/","name":"II Campus \u00c9lite Palma - Foz Sports Events","isPartOf":{"@id":"https:\/\/fozsports-events.com\/en\/mvpj29\/#website"},"datePublished":"2017-03-02T14:59:04+00:00","dateModified":"2017-03-02T15:51:58+00:00","breadcrumb":{"@id":"https:\/\/fozsports-events.com\/en\/ii-campus-elite-palma\/#breadcrumb"},"inLanguage":"en-US","potentialAction":[{"@type":"ReadAction","target":["https:\/\/fozsports-events.com\/en\/ii-campus-elite-palma\/"]}]},{"@type":"BreadcrumbList","@id":"https:\/\/fozsports-events.com\/en\/ii-campus-elite-palma\/#breadcrumb","itemListElement":[{"@type":"ListItem","position":1,"name":"Portada","item":"https:\/\/fozsports-events.com\/en\/mvpj29\/"},{"@type":"ListItem","position":2,"name":"II Campus \u00c9lite Palma"}]},{"@type":"WebSite","@id":"https:\/\/fozsports-events.com\/en\/mvpj29\/#website","url":"https:\/\/fozsports-events.com\/en\/mvpj29\/","name":"Foz Sports Events","description":"Foz Sports Events","potentialAction":[{"@type":"SearchAction","target":{"@type":"EntryPoint","urlTemplate":"https:\/\/fozsports-events.com\/en\/mvpj29\/?s={search_term_string}"},"query-input":{"@type":"PropertyValueSpecification","valueRequired":true,"valueName":"search_term_string"}}],"inLanguage":"en-US"}]}},"_links":{"self":[{"href":"https:\/\/fozsports-events.com\/en\/wp-json\/wp\/v2\/pages\/1536","targetHints":{"allow":["GET"]}}],"collection":[{"href":"https:\/\/fozsports-events.com\/en\/wp-json\/wp\/v2\/pages"}],"about":[{"href":"https:\/\/fozsports-events.com\/en\/wp-json\/wp\/v2\/types\/page"}],"author":[{"embeddable":true,"href":"https:\/\/fozsports-events.com\/en\/wp-json\/wp\/v2\/users\/1"}],"replies":[{"embeddable":true,"href":"https:\/\/fozsports-events.com\/en\/wp-json\/wp\/v2\/comments?post=1536"}],"version-history":[{"count":2,"href":"https:\/\/fozsports-events.com\/en\/wp-json\/wp\/v2\/pages\/1536\/revisions"}],"predecessor-version":[{"id":1538,"href":"https:\/\/fozsports-events.com\/en\/wp-json\/wp\/v2\/pages\/1536\/revisions\/1538"}],"wp:attachment":[{"href":"https:\/\/fozsports-events.com\/en\/wp-json\/wp\/v2\/media?parent=1536"}],"curies":[{"name":"wp","href":"https:\/\/api.w.org\/{rel}","templated":true}]}}