{"id":9263,"date":"2021-12-01T10:40:31","date_gmt":"2021-12-01T10:40:31","guid":{"rendered":"https:\/\/fozsports-events.com\/hall-of-fame\/miquel-salvo\/"},"modified":"2021-12-01T13:59:33","modified_gmt":"2021-12-01T13:59:33","slug":"miquel-salvo","status":"publish","type":"page","link":"https:\/\/fozsports-events.com\/en\/hall-of-fame\/miquel-salvo\/","title":{"rendered":"Miquel Salv\u00f3"},"content":{"rendered":"<div id='av_section_1'  class='avia-section main_color avia-section-default avia-no-border-styling  avia-full-stretch avia-bg-style-scroll  avia-builder-el-0  el_before_av_section  avia-builder-el-first   av-minimum-height av-minimum-height-50  container_wrap sidebar_right' style='background-repeat: no-repeat; background-image: url(https:\/\/fozsports-events.com\/wp-content\/uploads\/2021\/12\/B65D3057-E669-4C92-B78F-E6078758FE55.png);background-attachment: scroll; background-position: center center;  '  data-section-bg-repeat='stretch' data-av_minimum_height_pc='50'><div class='container' ><main  role=\"main\" itemprop=\"mainContentOfPage\"  class='template-page content  av-content-small alpha units'><div class='post-entry post-entry-type-page post-entry-9263'><div class='entry-content-wrapper clearfix'>\n<\/div><\/div><\/main><!-- close content main element --><\/div><\/div><div id='av_section_2'  class='avia-section main_color avia-section-default avia-no-border-styling  avia-bg-style-scroll  avia-builder-el-1  el_after_av_section  el_before_av_section  reverse-movile-section  container_wrap sidebar_right' style='background-color: #111111;  '  ><div class='container' ><div class='template-page content  av-content-small alpha units'><div class='post-entry post-entry-type-page post-entry-9263'><div class='entry-content-wrapper clearfix'>\n<div class='flex_column_table av-equal-height-column-flextable -flextable' ><div class=\"flex_column av_three_fifth  avia-full-stretch flex_column_table_cell av-equal-height-column av-align-middle av-zero-column-padding first  avia-builder-el-2  el_before_av_two_fifth  avia-builder-el-first  \" style='border-radius:0px; '><p><div  style='padding-bottom:10px; color:#3b0059;font-size:76px;' class='av-special-heading av-special-heading-h2 custom-color-heading blockquote modern-quote  avia-builder-el-3  el_before_av_textblock  avia-builder-el-first  av-inherit-size '><h2 class='av-special-heading-tag '  itemprop=\"headline\"  >2015<\/h2><div class='special-heading-border'><div class='special-heading-inner-border' style='border-color:#3b0059'><\/div><\/div><\/div><br \/>\n<section class=\"av_textblock_section \"  itemscope=\"itemscope\" itemtype=\"https:\/\/schema.org\/CreativeWork\" ><div class='avia_textblock  av_inherit_color '  style='color:#ffffff; '  itemprop=\"text\" ><p>Miquel Salv\u00f3 se une a la familia de FSE\u00a0con 20 a\u00f1os y jugando en el B\u00e0squet Cornell\u00e0 de Liga EBA (4\u00aa Divisi\u00f3n Espa\u00f1ola) en su a\u00f1o de debut en la categor\u00eda. Tras su buen hacer en la EBA, Miquel firma por el CB Tarragona de LEB Plata para la temporada 15\/16, siendo el alero revelaci\u00f3n de la categor\u00eda.<\/p>\n<\/div><\/section><\/p><\/div><div class='av-flex-placeholder'><\/div><div class=\"flex_column av_two_fifth  avia-full-stretch flex_column_table_cell av-equal-height-column av-align-middle av-zero-column-padding   avia-builder-el-5  el_after_av_three_fifth  avia-builder-el-last  \" style='border-radius:0px; '><div  class='avia-image-container  av-styling-    avia-builder-el-6  avia-builder-el-no-sibling  avia-align-center '  itemprop=\"image\" itemscope=\"itemscope\" itemtype=\"https:\/\/schema.org\/ImageObject\"  ><div class='avia-image-container-inner'><div class='avia-image-overlay-wrap'><img decoding=\"async\" class='wp-image-9363 avia-img-lazy-loading-not-9363 avia_image' src=\"https:\/\/fozsports-events.com\/wp-content\/uploads\/2021\/12\/miquelsalvo_fozsports_hof_d01.png\" alt='' title='miquelsalvo_fozsports_hof_d01' height=\"450\" width=\"711\"  itemprop=\"thumbnailUrl\" srcset=\"https:\/\/fozsports-events.com\/wp-content\/uploads\/2021\/12\/miquelsalvo_fozsports_hof_d01.png 711w, https:\/\/fozsports-events.com\/wp-content\/uploads\/2021\/12\/miquelsalvo_fozsports_hof_d01-300x190.png 300w, https:\/\/fozsports-events.com\/wp-content\/uploads\/2021\/12\/miquelsalvo_fozsports_hof_d01-705x446.png 705w\" sizes=\"(max-width: 711px) 100vw, 711px\" \/><\/div><\/div><\/div><\/div><\/div><!--close column table wrapper. Autoclose: 1 --><\/div><\/div><\/div><!-- close content main div --><\/div><\/div><div id='av_section_3'  class='avia-section main_color avia-section-default avia-no-border-styling  avia-bg-style-scroll  avia-builder-el-7  el_after_av_section  el_before_av_section   container_wrap sidebar_right' style='background-color: #111111;  '  ><div class='container' ><div class='template-page content  av-content-small alpha units'><div class='post-entry post-entry-type-page post-entry-9263'><div class='entry-content-wrapper clearfix'>\n<div class='flex_column_table av-equal-height-column-flextable -flextable' ><div class=\"flex_column av_two_fifth  avia-full-stretch flex_column_table_cell av-equal-height-column av-align-middle av-zero-column-padding first  avia-builder-el-8  el_before_av_three_fifth  avia-builder-el-first  \" style='border-radius:0px; '><div  class='avia-image-container  av-styling-    avia-builder-el-9  avia-builder-el-no-sibling  avia-align-center '  itemprop=\"image\" itemscope=\"itemscope\" itemtype=\"https:\/\/schema.org\/ImageObject\"  ><div class='avia-image-container-inner'><div class='avia-image-overlay-wrap'><img decoding=\"async\" class='wp-image-9365 avia-img-lazy-loading-not-9365 avia_image' src=\"https:\/\/fozsports-events.com\/wp-content\/uploads\/2021\/12\/miquelsalvo_fozsports_hof_d02.png\" alt='' title='miquelsalvo_fozsports_hof_d02' height=\"450\" width=\"711\"  itemprop=\"thumbnailUrl\" srcset=\"https:\/\/fozsports-events.com\/wp-content\/uploads\/2021\/12\/miquelsalvo_fozsports_hof_d02.png 711w, https:\/\/fozsports-events.com\/wp-content\/uploads\/2021\/12\/miquelsalvo_fozsports_hof_d02-300x190.png 300w, https:\/\/fozsports-events.com\/wp-content\/uploads\/2021\/12\/miquelsalvo_fozsports_hof_d02-705x446.png 705w\" sizes=\"(max-width: 711px) 100vw, 711px\" \/><\/div><\/div><\/div><\/div><div class='av-flex-placeholder'><\/div><div class=\"flex_column av_three_fifth  avia-full-stretch flex_column_table_cell av-equal-height-column av-align-middle av-zero-column-padding   avia-builder-el-10  el_after_av_two_fifth  avia-builder-el-last  \" style='border-radius:0px; '><p><div  style='padding-bottom:10px; color:#3b0059;font-size:76px;' class='av-special-heading av-special-heading-h2 custom-color-heading blockquote modern-quote  avia-builder-el-11  el_before_av_textblock  avia-builder-el-first  av-inherit-size '><h2 class='av-special-heading-tag '  itemprop=\"headline\"  >2016<\/h2><div class='special-heading-border'><div class='special-heading-inner-border' style='border-color:#3b0059'><\/div><\/div><\/div><br \/>\n<section class=\"av_textblock_section \"  itemscope=\"itemscope\" itemtype=\"https:\/\/schema.org\/CreativeWork\" ><div class='avia_textblock  av_inherit_color '  style='color:#ffffff; '  itemprop=\"text\" ><p>Tras su galard\u00f3n de alero revelaci\u00f3n con el Tarragona, Miquel convence al Manresa de ACB para firmar un acuerdo de larga duraci\u00f3n con \u00e9l y salir cedido al Baloncesto Oviedo de la LEB Oro. Miquel se proclama campe\u00f3n de la Copa Princesa con los asturianos y consigue el galard\u00f3n de MVP de la misma, en una temporada que le cambiar\u00eda la vida.<\/p>\n<\/div><\/section><\/p><\/div><\/div><!--close column table wrapper. Autoclose: 1 --><\/div><\/div><\/div><!-- close content main div --><\/div><\/div><div id='av_section_4'  class='avia-section main_color avia-section-default avia-no-border-styling  avia-bg-style-scroll  avia-builder-el-13  el_after_av_section  el_before_av_section  reverse-movile-section  container_wrap sidebar_right' style='background-color: #111111;  '  ><div class='container' ><div class='template-page content  av-content-small alpha units'><div class='post-entry post-entry-type-page post-entry-9263'><div class='entry-content-wrapper clearfix'>\n<div class='flex_column_table av-equal-height-column-flextable -flextable' ><div class=\"flex_column av_three_fifth  avia-full-stretch flex_column_table_cell av-equal-height-column av-align-middle av-zero-column-padding first  avia-builder-el-14  el_before_av_two_fifth  avia-builder-el-first  \" style='border-radius:0px; '><p><div  style='padding-bottom:10px; color:#3b0059;font-size:76px;' class='av-special-heading av-special-heading-h2 custom-color-heading blockquote modern-quote  avia-builder-el-15  el_before_av_textblock  avia-builder-el-first  av-inherit-size '><h2 class='av-special-heading-tag '  itemprop=\"headline\"  >2017<\/h2><div class='special-heading-border'><div class='special-heading-inner-border' style='border-color:#3b0059'><\/div><\/div><\/div><br \/>\n<section class=\"av_textblock_section \"  itemscope=\"itemscope\" itemtype=\"https:\/\/schema.org\/CreativeWork\" ><div class='avia_textblock  av_inherit_color '  style='color:#ffffff; '  itemprop=\"text\" ><p>Tras su magn\u00edfica temporada y debido al descenso de Manresa a la LEB Oro, Miquel se convierte en agente libre y tras valorar numerosas ofertas, firma un contrato multianual con el Gipuzkoa Basket de la Liga ACB, con quienes debuta como titular en la m\u00e1xima categor\u00eda del baloncesto espa\u00f1ol y realiza una gran primera campa\u00f1a.<\/p>\n<\/div><\/section><\/p><\/div><div class='av-flex-placeholder'><\/div><div class=\"flex_column av_two_fifth  avia-full-stretch flex_column_table_cell av-equal-height-column av-align-middle av-zero-column-padding   avia-builder-el-17  el_after_av_three_fifth  avia-builder-el-last  \" style='border-radius:0px; '><div  class='avia-image-container  av-styling-    avia-builder-el-18  avia-builder-el-no-sibling  avia-align-center '  itemprop=\"image\" itemscope=\"itemscope\" itemtype=\"https:\/\/schema.org\/ImageObject\"  ><div class='avia-image-container-inner'><div class='avia-image-overlay-wrap'><img decoding=\"async\" class='wp-image-9367 avia-img-lazy-loading-not-9367 avia_image' src=\"https:\/\/fozsports-events.com\/wp-content\/uploads\/2021\/12\/miquelsalvo_fozsports_hof_d03.png\" alt='' title='miquelsalvo_fozsports_hof_d03' height=\"450\" width=\"711\"  itemprop=\"thumbnailUrl\" srcset=\"https:\/\/fozsports-events.com\/wp-content\/uploads\/2021\/12\/miquelsalvo_fozsports_hof_d03.png 711w, https:\/\/fozsports-events.com\/wp-content\/uploads\/2021\/12\/miquelsalvo_fozsports_hof_d03-300x190.png 300w, https:\/\/fozsports-events.com\/wp-content\/uploads\/2021\/12\/miquelsalvo_fozsports_hof_d03-705x446.png 705w\" sizes=\"(max-width: 711px) 100vw, 711px\" \/><\/div><\/div><\/div><\/div><\/div><!--close column table wrapper. Autoclose: 1 --><\/div><\/div><\/div><!-- close content main div --><\/div><\/div><div id='av_section_5'  class='avia-section main_color avia-section-default avia-no-border-styling  avia-bg-style-scroll  avia-builder-el-19  el_after_av_section  avia-builder-el-last   container_wrap sidebar_right' style='background-color: #111111;  '  ><div class='container' ><div class='template-page content  av-content-small alpha units'><div class='post-entry post-entry-type-page post-entry-9263'><div class='entry-content-wrapper clearfix'>\n<div class='flex_column_table av-equal-height-column-flextable -flextable' ><div class=\"flex_column av_two_fifth  avia-full-stretch flex_column_table_cell av-equal-height-column av-align-middle av-zero-column-padding first  avia-builder-el-20  el_before_av_three_fifth  avia-builder-el-first  \" style='border-radius:0px; '><div  class='avia-image-container  av-styling-    avia-builder-el-21  avia-builder-el-no-sibling  avia-align-center '  itemprop=\"image\" itemscope=\"itemscope\" itemtype=\"https:\/\/schema.org\/ImageObject\"  ><div class='avia-image-container-inner'><div class='avia-image-overlay-wrap'><img decoding=\"async\" class='wp-image-9369 avia-img-lazy-loading-not-9369 avia_image' src=\"https:\/\/fozsports-events.com\/wp-content\/uploads\/2021\/12\/miquelsalvo_fozsports_hof_d04.png\" alt='' title='miquelsalvo_fozsports_hof_d04' height=\"450\" width=\"711\"  itemprop=\"thumbnailUrl\" srcset=\"https:\/\/fozsports-events.com\/wp-content\/uploads\/2021\/12\/miquelsalvo_fozsports_hof_d04.png 711w, https:\/\/fozsports-events.com\/wp-content\/uploads\/2021\/12\/miquelsalvo_fozsports_hof_d04-300x190.png 300w, https:\/\/fozsports-events.com\/wp-content\/uploads\/2021\/12\/miquelsalvo_fozsports_hof_d04-705x446.png 705w\" sizes=\"(max-width: 711px) 100vw, 711px\" \/><\/div><\/div><\/div><\/div><div class='av-flex-placeholder'><\/div><div class=\"flex_column av_three_fifth  avia-full-stretch flex_column_table_cell av-equal-height-column av-align-middle   avia-builder-el-22  el_after_av_two_fifth  avia-builder-el-last  \" style='padding:0PX; border-radius:0px; '><p><div  style='padding-bottom:10px; color:#3b0059;font-size:76px;' class='av-special-heading av-special-heading-h2 custom-color-heading blockquote modern-quote  avia-builder-el-23  el_before_av_textblock  avia-builder-el-first  av-inherit-size '><h2 class='av-special-heading-tag '  itemprop=\"headline\"  >2018<\/h2><div class='special-heading-border'><div class='special-heading-inner-border' style='border-color:#3b0059'><\/div><\/div><\/div><br \/>\n<section class=\"av_textblock_section \"  itemscope=\"itemscope\" itemtype=\"https:\/\/schema.org\/CreativeWork\" ><div class='avia_textblock  av_inherit_color '  style='color:#ffffff; '  itemprop=\"text\" ><p>El alero catal\u00e1n sigue creciendo y progresando en la ACB, llevando a cabo sus mejores actuaciones en la categor\u00eda y despertando en consecuencia el inter\u00e9s de varios Clubes ACB entre ellos el Burgos donde recalar\u00eda la temporada 19\/20 tras el descenso de GBC.<\/p>\n<\/div><\/section><\/p><\/div><\/div><!--close column table wrapper. Autoclose: 1 --><\/div><\/div><\/div><!-- close content main div --><\/div><\/div><div id='after_section_5'  class='main_color av_default_container_wrap container_wrap sidebar_right' style=' '  ><div class='container' ><div class='template-page content  av-content-small alpha units'><div class='post-entry post-entry-type-page post-entry-9263'><div class='entry-content-wrapper clearfix'><\/p>\n","protected":false},"excerpt":{"rendered":"","protected":false},"author":1,"featured_media":0,"parent":9255,"menu_order":0,"comment_status":"closed","ping_status":"closed","template":"","meta":{"footnotes":""},"class_list":["post-9263","page","type-page","status-publish","hentry"],"yoast_head":"<!-- This site is optimized with the Yoast SEO plugin v26.7 - https:\/\/yoast.com\/wordpress\/plugins\/seo\/ -->\n<title>Miquel Salv\u00f3 - Foz Sports Events<\/title>\n<meta name=\"robots\" content=\"index, follow, max-snippet:-1, max-image-preview:large, max-video-preview:-1\" \/>\n<link rel=\"canonical\" href=\"https:\/\/fozsports-events.com\/en\/hall-of-fame\/miquel-salvo\/\" \/>\n<meta property=\"og:locale\" content=\"en_US\" \/>\n<meta property=\"og:type\" content=\"article\" \/>\n<meta property=\"og:title\" content=\"Miquel Salv\u00f3 - Foz Sports Events\" \/>\n<meta property=\"og:url\" content=\"https:\/\/fozsports-events.com\/en\/hall-of-fame\/miquel-salvo\/\" \/>\n<meta property=\"og:site_name\" content=\"Foz Sports Events\" \/>\n<meta property=\"article:modified_time\" content=\"2021-12-01T13:59:33+00:00\" \/>\n<meta name=\"twitter:card\" content=\"summary_large_image\" \/>\n<meta name=\"twitter:label1\" content=\"Est. reading time\" \/>\n\t<meta name=\"twitter:data1\" content=\"9 minutes\" \/>\n<script type=\"application\/ld+json\" class=\"yoast-schema-graph\">{\"@context\":\"https:\/\/schema.org\",\"@graph\":[{\"@type\":\"WebPage\",\"@id\":\"https:\/\/fozsports-events.com\/en\/hall-of-fame\/miquel-salvo\/\",\"url\":\"https:\/\/fozsports-events.com\/en\/hall-of-fame\/miquel-salvo\/\",\"name\":\"Miquel Salv\u00f3 - Foz Sports Events\",\"isPartOf\":{\"@id\":\"https:\/\/fozsports-events.com\/en\/mvpj29\/#website\"},\"datePublished\":\"2021-12-01T10:40:31+00:00\",\"dateModified\":\"2021-12-01T13:59:33+00:00\",\"breadcrumb\":{\"@id\":\"https:\/\/fozsports-events.com\/en\/hall-of-fame\/miquel-salvo\/#breadcrumb\"},\"inLanguage\":\"en-US\",\"potentialAction\":[{\"@type\":\"ReadAction\",\"target\":[\"https:\/\/fozsports-events.com\/en\/hall-of-fame\/miquel-salvo\/\"]}]},{\"@type\":\"BreadcrumbList\",\"@id\":\"https:\/\/fozsports-events.com\/en\/hall-of-fame\/miquel-salvo\/#breadcrumb\",\"itemListElement\":[{\"@type\":\"ListItem\",\"position\":1,\"name\":\"Portada\",\"item\":\"https:\/\/fozsports-events.com\/en\/mvpj29\/\"},{\"@type\":\"ListItem\",\"position\":2,\"name\":\"Hall of Fame\",\"item\":\"https:\/\/fozsports-events.com\/en\/mvpj29\/\"},{\"@type\":\"ListItem\",\"position\":3,\"name\":\"Miquel Salv\u00f3\"}]},{\"@type\":\"WebSite\",\"@id\":\"https:\/\/fozsports-events.com\/en\/mvpj29\/#website\",\"url\":\"https:\/\/fozsports-events.com\/en\/mvpj29\/\",\"name\":\"Foz Sports Events\",\"description\":\"Foz Sports Events\",\"potentialAction\":[{\"@type\":\"SearchAction\",\"target\":{\"@type\":\"EntryPoint\",\"urlTemplate\":\"https:\/\/fozsports-events.com\/en\/mvpj29\/?s={search_term_string}\"},\"query-input\":{\"@type\":\"PropertyValueSpecification\",\"valueRequired\":true,\"valueName\":\"search_term_string\"}}],\"inLanguage\":\"en-US\"}]}<\/script>\n<!-- \/ Yoast SEO plugin. -->","yoast_head_json":{"title":"Miquel Salv\u00f3 - Foz Sports Events","robots":{"index":"index","follow":"follow","max-snippet":"max-snippet:-1","max-image-preview":"max-image-preview:large","max-video-preview":"max-video-preview:-1"},"canonical":"https:\/\/fozsports-events.com\/en\/hall-of-fame\/miquel-salvo\/","og_locale":"en_US","og_type":"article","og_title":"Miquel Salv\u00f3 - Foz Sports Events","og_url":"https:\/\/fozsports-events.com\/en\/hall-of-fame\/miquel-salvo\/","og_site_name":"Foz Sports Events","article_modified_time":"2021-12-01T13:59:33+00:00","twitter_card":"summary_large_image","twitter_misc":{"Est. reading time":"9 minutes"},"schema":{"@context":"https:\/\/schema.org","@graph":[{"@type":"WebPage","@id":"https:\/\/fozsports-events.com\/en\/hall-of-fame\/miquel-salvo\/","url":"https:\/\/fozsports-events.com\/en\/hall-of-fame\/miquel-salvo\/","name":"Miquel Salv\u00f3 - Foz Sports Events","isPartOf":{"@id":"https:\/\/fozsports-events.com\/en\/mvpj29\/#website"},"datePublished":"2021-12-01T10:40:31+00:00","dateModified":"2021-12-01T13:59:33+00:00","breadcrumb":{"@id":"https:\/\/fozsports-events.com\/en\/hall-of-fame\/miquel-salvo\/#breadcrumb"},"inLanguage":"en-US","potentialAction":[{"@type":"ReadAction","target":["https:\/\/fozsports-events.com\/en\/hall-of-fame\/miquel-salvo\/"]}]},{"@type":"BreadcrumbList","@id":"https:\/\/fozsports-events.com\/en\/hall-of-fame\/miquel-salvo\/#breadcrumb","itemListElement":[{"@type":"ListItem","position":1,"name":"Portada","item":"https:\/\/fozsports-events.com\/en\/mvpj29\/"},{"@type":"ListItem","position":2,"name":"Hall of Fame","item":"https:\/\/fozsports-events.com\/en\/mvpj29\/"},{"@type":"ListItem","position":3,"name":"Miquel Salv\u00f3"}]},{"@type":"WebSite","@id":"https:\/\/fozsports-events.com\/en\/mvpj29\/#website","url":"https:\/\/fozsports-events.com\/en\/mvpj29\/","name":"Foz Sports Events","description":"Foz Sports Events","potentialAction":[{"@type":"SearchAction","target":{"@type":"EntryPoint","urlTemplate":"https:\/\/fozsports-events.com\/en\/mvpj29\/?s={search_term_string}"},"query-input":{"@type":"PropertyValueSpecification","valueRequired":true,"valueName":"search_term_string"}}],"inLanguage":"en-US"}]}},"_links":{"self":[{"href":"https:\/\/fozsports-events.com\/en\/wp-json\/wp\/v2\/pages\/9263","targetHints":{"allow":["GET"]}}],"collection":[{"href":"https:\/\/fozsports-events.com\/en\/wp-json\/wp\/v2\/pages"}],"about":[{"href":"https:\/\/fozsports-events.com\/en\/wp-json\/wp\/v2\/types\/page"}],"author":[{"embeddable":true,"href":"https:\/\/fozsports-events.com\/en\/wp-json\/wp\/v2\/users\/1"}],"replies":[{"embeddable":true,"href":"https:\/\/fozsports-events.com\/en\/wp-json\/wp\/v2\/comments?post=9263"}],"version-history":[{"count":3,"href":"https:\/\/fozsports-events.com\/en\/wp-json\/wp\/v2\/pages\/9263\/revisions"}],"predecessor-version":[{"id":9373,"href":"https:\/\/fozsports-events.com\/en\/wp-json\/wp\/v2\/pages\/9263\/revisions\/9373"}],"up":[{"embeddable":true,"href":"https:\/\/fozsports-events.com\/en\/wp-json\/wp\/v2\/pages\/9255"}],"wp:attachment":[{"href":"https:\/\/fozsports-events.com\/en\/wp-json\/wp\/v2\/media?parent=9263"}],"curies":[{"name":"wp","href":"https:\/\/api.w.org\/{rel}","templated":true}]}}