{"id":9272,"date":"2021-12-01T10:37:18","date_gmt":"2021-12-01T10:37:18","guid":{"rendered":"https:\/\/fozsports-events.com\/hall-of-fame\/aitor-etxeguren\/"},"modified":"2021-12-01T13:56:24","modified_gmt":"2021-12-01T13:56:24","slug":"aitor-etxeguren","status":"publish","type":"page","link":"https:\/\/fozsports-events.com\/en\/hall-of-fame\/aitor-etxeguren\/","title":{"rendered":"Aitor Etxeguren"},"content":{"rendered":"<div id='av_section_1'  class='avia-section main_color avia-section-default avia-no-border-styling  avia-full-stretch avia-bg-style-scroll  avia-builder-el-0  el_before_av_section  avia-builder-el-first   av-minimum-height av-minimum-height-50  container_wrap sidebar_right' style='background-repeat: no-repeat; background-image: url(https:\/\/fozsports-events.com\/wp-content\/uploads\/2021\/12\/A95FDE80-03FF-47BB-B181-D4999EB551AC.jpeg);background-attachment: scroll; background-position: center center;  '  data-section-bg-repeat='stretch' data-av_minimum_height_pc='50'><div class='container' ><main  role=\"main\" itemprop=\"mainContentOfPage\"  class='template-page content  av-content-small alpha units'><div class='post-entry post-entry-type-page post-entry-9272'><div class='entry-content-wrapper clearfix'>\n<\/div><\/div><\/main><!-- close content main element --><\/div><\/div><div id='av_section_2'  class='avia-section main_color avia-section-default avia-no-border-styling  avia-bg-style-scroll  avia-builder-el-1  el_after_av_section  el_before_av_section  reverse-movile-section  container_wrap sidebar_right' style='background-color: #111111;  '  ><div class='container' ><div class='template-page content  av-content-small alpha units'><div class='post-entry post-entry-type-page post-entry-9272'><div class='entry-content-wrapper clearfix'>\n<div class='flex_column_table av-equal-height-column-flextable -flextable' ><div class=\"flex_column av_three_fifth  avia-full-stretch flex_column_table_cell av-equal-height-column av-align-middle av-zero-column-padding first  avia-builder-el-2  el_before_av_two_fifth  avia-builder-el-first  \" style='border-radius:0px; '><p><div  style='padding-bottom:10px; color:#3b0059;font-size:76px;' class='av-special-heading av-special-heading-h2 custom-color-heading blockquote modern-quote  avia-builder-el-3  el_before_av_textblock  avia-builder-el-first  av-inherit-size '><h2 class='av-special-heading-tag '  itemprop=\"headline\"  >2017<\/h2><div class='special-heading-border'><div class='special-heading-inner-border' style='border-color:#3b0059'><\/div><\/div><\/div><br \/>\n<section class=\"av_textblock_section \"  itemscope=\"itemscope\" itemtype=\"https:\/\/schema.org\/CreativeWork\" ><div class='avia_textblock  av_inherit_color '  style='color:#ffffff; '  itemprop=\"text\" ><p>Aitor Etxeguren se une a la familia de FSE\u00a0con 14 a\u00f1os tras participar en el Campeonato de Espa\u00f1a Cadete connel Loiola Indautxu. La gran promesa bilba\u00edna firma un acuerdo multianual de 5 temporadas con el Basket Zaragoza para seguir form\u00e1ndose y con los que brillar\u00eda en Cadete y Junior en la temporada 17\/18. Asimismo, fue el jugador m\u00e1s valorado del Campeonato de Selecciones Auton\u00f3micas con Arag\u00f3n.<\/p>\n<\/div><\/section><\/p><\/div><div class='av-flex-placeholder'><\/div><div class=\"flex_column av_two_fifth  avia-full-stretch flex_column_table_cell av-equal-height-column av-align-middle av-zero-column-padding   avia-builder-el-5  el_after_av_three_fifth  avia-builder-el-last  \" style='border-radius:0px; '><div  class='avia-image-container  av-styling-    avia-builder-el-6  avia-builder-el-no-sibling  avia-align-center '  itemprop=\"image\" itemscope=\"itemscope\" itemtype=\"https:\/\/schema.org\/ImageObject\"  ><div class='avia-image-container-inner'><div class='avia-image-overlay-wrap'><img decoding=\"async\" class='wp-image-9349 avia-img-lazy-loading-not-9349 avia_image' src=\"https:\/\/fozsports-events.com\/wp-content\/uploads\/2021\/12\/aitoretxeguren_fozsports_hof_d01.png\" alt='' title='aitoretxeguren_fozsports_hof_d01' height=\"450\" width=\"711\"  itemprop=\"thumbnailUrl\" srcset=\"https:\/\/fozsports-events.com\/wp-content\/uploads\/2021\/12\/aitoretxeguren_fozsports_hof_d01.png 711w, https:\/\/fozsports-events.com\/wp-content\/uploads\/2021\/12\/aitoretxeguren_fozsports_hof_d01-300x190.png 300w, https:\/\/fozsports-events.com\/wp-content\/uploads\/2021\/12\/aitoretxeguren_fozsports_hof_d01-705x446.png 705w\" sizes=\"(max-width: 711px) 100vw, 711px\" \/><\/div><\/div><\/div><\/div><\/div><!--close column table wrapper. Autoclose: 1 --><\/div><\/div><\/div><!-- close content main div --><\/div><\/div><div id='av_section_3'  class='avia-section main_color avia-section-default avia-no-border-styling  avia-bg-style-scroll  avia-builder-el-7  el_after_av_section  el_before_av_section   container_wrap sidebar_right' style='background-color: #111111;  '  ><div class='container' ><div class='template-page content  av-content-small alpha units'><div class='post-entry post-entry-type-page post-entry-9272'><div class='entry-content-wrapper clearfix'>\n<div class='flex_column_table av-equal-height-column-flextable -flextable' ><div class=\"flex_column av_two_fifth  avia-full-stretch flex_column_table_cell av-equal-height-column av-align-middle av-zero-column-padding first  avia-builder-el-8  el_before_av_three_fifth  avia-builder-el-first  \" style='border-radius:0px; '><div  class='avia-image-container  av-styling-    avia-builder-el-9  avia-builder-el-no-sibling  avia-align-center '  itemprop=\"image\" itemscope=\"itemscope\" itemtype=\"https:\/\/schema.org\/ImageObject\"  ><div class='avia-image-container-inner'><div class='avia-image-overlay-wrap'><img decoding=\"async\" class='wp-image-9351 avia-img-lazy-loading-not-9351 avia_image' src=\"https:\/\/fozsports-events.com\/wp-content\/uploads\/2021\/12\/aitoretxeguren_fozsports_hof_d02.png\" alt='' title='aitoretxeguren_fozsports_hof_d02' height=\"450\" width=\"711\"  itemprop=\"thumbnailUrl\" srcset=\"https:\/\/fozsports-events.com\/wp-content\/uploads\/2021\/12\/aitoretxeguren_fozsports_hof_d02.png 711w, https:\/\/fozsports-events.com\/wp-content\/uploads\/2021\/12\/aitoretxeguren_fozsports_hof_d02-300x190.png 300w, https:\/\/fozsports-events.com\/wp-content\/uploads\/2021\/12\/aitoretxeguren_fozsports_hof_d02-705x446.png 705w\" sizes=\"(max-width: 711px) 100vw, 711px\" \/><\/div><\/div><\/div><\/div><div class='av-flex-placeholder'><\/div><div class=\"flex_column av_three_fifth  avia-full-stretch flex_column_table_cell av-equal-height-column av-align-middle av-zero-column-padding   avia-builder-el-10  el_after_av_two_fifth  avia-builder-el-last  \" style='border-radius:0px; '><p><div  style='padding-bottom:10px; color:#3b0059;font-size:76px;' class='av-special-heading av-special-heading-h2 custom-color-heading blockquote modern-quote  avia-builder-el-11  el_before_av_textblock  avia-builder-el-first  av-inherit-size '><h2 class='av-special-heading-tag '  itemprop=\"headline\"  >2018<\/h2><div class='special-heading-border'><div class='special-heading-inner-border' style='border-color:#3b0059'><\/div><\/div><\/div><br \/>\n<section class=\"av_textblock_section \"  itemscope=\"itemscope\" itemtype=\"https:\/\/schema.org\/CreativeWork\" ><div class='avia_textblock  av_inherit_color '  style='color:#ffffff; '  itemprop=\"text\" ><p>Aitor es convocado con la Selecci\u00f3n U16 en el verano de 2018 \u00a0y se queda a las puertas del Europeo siendo el \u00faltimo descarte.<br \/>\nEn la temporada 18\/19, el \u00a0ala-p\u00edvot sigue creciendo en las filas del Basket Zaragoza combinando su presencia en el equipo junior y equipo EBA, en un periodo de adaptaci\u00f3n en la categor\u00eda semiprofesional.<\/p>\n<\/div><\/section><\/p><\/div><\/div><!--close column table wrapper. Autoclose: 1 --><\/div><\/div><\/div><!-- close content main div --><\/div><\/div><div id='av_section_4'  class='avia-section main_color avia-section-default avia-no-border-styling  avia-bg-style-scroll  avia-builder-el-13  el_after_av_section  el_before_av_section  reverse-movile-section  container_wrap sidebar_right' style='background-color: #111111;  '  ><div class='container' ><div class='template-page content  av-content-small alpha units'><div class='post-entry post-entry-type-page post-entry-9272'><div class='entry-content-wrapper clearfix'>\n<div class='flex_column_table av-equal-height-column-flextable -flextable' ><div class=\"flex_column av_three_fifth  avia-full-stretch flex_column_table_cell av-equal-height-column av-align-middle av-zero-column-padding first  avia-builder-el-14  el_before_av_two_fifth  avia-builder-el-first  \" style='border-radius:0px; '><p><div  style='padding-bottom:10px; color:#3b0059;font-size:76px;' class='av-special-heading av-special-heading-h2 custom-color-heading blockquote modern-quote  avia-builder-el-15  el_before_av_textblock  avia-builder-el-first  av-inherit-size '><h2 class='av-special-heading-tag '  itemprop=\"headline\"  >2019<\/h2><div class='special-heading-border'><div class='special-heading-inner-border' style='border-color:#3b0059'><\/div><\/div><\/div><br \/>\n<section class=\"av_textblock_section \"  itemscope=\"itemscope\" itemtype=\"https:\/\/schema.org\/CreativeWork\" ><div class='avia_textblock  av_inherit_color '  style='color:#ffffff; '  itemprop=\"text\" ><p>El bilba\u00edno empieza la temporada 19\/20 con fuerza, siendo el mejor jugador U22 de toda la Liga EBA, obteniendo numerosos MVPs de la categor\u00eda as\u00ed como el del Torneo de Torrent y siendo Quinteto Ideal en el prestigioso Torneo de Hospitalet.<\/p>\n<p>En oto\u00f1o de 2019, el ala-p\u00edvot recibe su primera oportunidad con el primer equipo, debutando en Champions League y en la Liga ACB con el Casademont Zaragoza dirigido por Porfirio Fisac, y anotando su primer triple en su debut en Champions.<\/p>\n<\/div><\/section><\/p><\/div><div class='av-flex-placeholder'><\/div><div class=\"flex_column av_two_fifth  avia-full-stretch flex_column_table_cell av-equal-height-column av-align-middle av-zero-column-padding   avia-builder-el-17  el_after_av_three_fifth  avia-builder-el-last  \" style='border-radius:0px; '><div  class='avia-image-container  av-styling-    avia-builder-el-18  avia-builder-el-no-sibling  avia-align-center '  itemprop=\"image\" itemscope=\"itemscope\" itemtype=\"https:\/\/schema.org\/ImageObject\"  ><div class='avia-image-container-inner'><div class='avia-image-overlay-wrap'><img decoding=\"async\" class='wp-image-9353 avia-img-lazy-loading-not-9353 avia_image' src=\"https:\/\/fozsports-events.com\/wp-content\/uploads\/2021\/12\/aitoretxeguren_fozsports_hof_d03.png\" alt='' title='aitoretxeguren_fozsports_hof_d03' height=\"450\" width=\"711\"  itemprop=\"thumbnailUrl\" srcset=\"https:\/\/fozsports-events.com\/wp-content\/uploads\/2021\/12\/aitoretxeguren_fozsports_hof_d03.png 711w, https:\/\/fozsports-events.com\/wp-content\/uploads\/2021\/12\/aitoretxeguren_fozsports_hof_d03-300x190.png 300w, https:\/\/fozsports-events.com\/wp-content\/uploads\/2021\/12\/aitoretxeguren_fozsports_hof_d03-705x446.png 705w\" sizes=\"(max-width: 711px) 100vw, 711px\" \/><\/div><\/div><\/div><\/div><\/div><!--close column table wrapper. Autoclose: 1 --><\/div><\/div><\/div><!-- close content main div --><\/div><\/div><div id='av_section_5'  class='avia-section main_color avia-section-default avia-no-border-styling  avia-bg-style-scroll  avia-builder-el-19  el_after_av_section  el_before_av_section   container_wrap sidebar_right' style='background-color: #111111;  '  ><div class='container' ><div class='template-page content  av-content-small alpha units'><div class='post-entry post-entry-type-page post-entry-9272'><div class='entry-content-wrapper clearfix'>\n<div class='flex_column_table av-equal-height-column-flextable -flextable' ><div class=\"flex_column av_two_fifth  avia-full-stretch flex_column_table_cell av-equal-height-column av-align-middle av-zero-column-padding first  avia-builder-el-20  el_before_av_three_fifth  avia-builder-el-first  \" style='border-radius:0px; '><div  class='avia-image-container  av-styling-    avia-builder-el-21  avia-builder-el-no-sibling  avia-align-center '  itemprop=\"image\" itemscope=\"itemscope\" itemtype=\"https:\/\/schema.org\/ImageObject\"  ><div class='avia-image-container-inner'><div class='avia-image-overlay-wrap'><img decoding=\"async\" class='wp-image-9355 avia-img-lazy-loading-not-9355 avia_image' src=\"https:\/\/fozsports-events.com\/wp-content\/uploads\/2021\/12\/aitoretxeguren_fozsports_hof_d04.png\" alt='' title='aitoretxeguren_fozsports_hof_d04' height=\"450\" width=\"711\"  itemprop=\"thumbnailUrl\" srcset=\"https:\/\/fozsports-events.com\/wp-content\/uploads\/2021\/12\/aitoretxeguren_fozsports_hof_d04.png 711w, https:\/\/fozsports-events.com\/wp-content\/uploads\/2021\/12\/aitoretxeguren_fozsports_hof_d04-300x190.png 300w, https:\/\/fozsports-events.com\/wp-content\/uploads\/2021\/12\/aitoretxeguren_fozsports_hof_d04-705x446.png 705w\" sizes=\"(max-width: 711px) 100vw, 711px\" \/><\/div><\/div><\/div><\/div><div class='av-flex-placeholder'><\/div><div class=\"flex_column av_three_fifth  avia-full-stretch flex_column_table_cell av-equal-height-column av-align-middle   avia-builder-el-22  el_after_av_two_fifth  avia-builder-el-last  \" style='padding:0PX; border-radius:0px; '><p><div  style='padding-bottom:10px; color:#3b0059;font-size:76px;' class='av-special-heading av-special-heading-h2 custom-color-heading blockquote modern-quote  avia-builder-el-23  el_before_av_textblock  avia-builder-el-first  av-inherit-size '><h2 class='av-special-heading-tag '  itemprop=\"headline\"  >2020<\/h2><div class='special-heading-border'><div class='special-heading-inner-border' style='border-color:#3b0059'><\/div><\/div><\/div><br \/>\n<section class=\"av_textblock_section \"  itemscope=\"itemscope\" itemtype=\"https:\/\/schema.org\/CreativeWork\" ><div class='avia_textblock  av_inherit_color '  style='color:#ffffff; '  itemprop=\"text\" ><p>Tras una temporada de ensue\u00f1o con el EBA que se vio paralizada de golpe por la crisis del Covid, Aitor participa en la fase excepcional de ACB consiguiendo disputar un total de 5 partidos en la ACB en la temporada 19\/20. Al finalizar la campa\u00f1a, el p\u00edvot de Bilbao es cedido al C\u00e1ceres Basket de LEB Oro para su primers temporada como profesional.<\/p>\n<\/div><\/section><\/p><\/div><\/div><!--close column table wrapper. Autoclose: 1 --><\/div><\/div><\/div><!-- close content main div --><\/div><\/div><div id='av_section_6'  class='avia-section main_color avia-section-default avia-no-border-styling  avia-bg-style-scroll  avia-builder-el-25  el_after_av_section  avia-builder-el-last  reverse-movile-section  container_wrap sidebar_right' style='background-color: #111111;  '  ><div class='container' ><div class='template-page content  av-content-small alpha units'><div class='post-entry post-entry-type-page post-entry-9272'><div class='entry-content-wrapper clearfix'>\n<div class='flex_column_table av-equal-height-column-flextable -flextable' ><div class=\"flex_column av_three_fifth  avia-full-stretch flex_column_table_cell av-equal-height-column av-align-middle av-zero-column-padding first  avia-builder-el-26  el_before_av_two_fifth  avia-builder-el-first  \" style='border-radius:0px; '><p><div  style='padding-bottom:10px; color:#3b0059;font-size:76px;' class='av-special-heading av-special-heading-h2 custom-color-heading blockquote modern-quote  avia-builder-el-27  el_before_av_textblock  avia-builder-el-first  av-inherit-size '><h2 class='av-special-heading-tag '  itemprop=\"headline\"  >2021<\/h2><div class='special-heading-border'><div class='special-heading-inner-border' style='border-color:#3b0059'><\/div><\/div><\/div><br \/>\n<section class=\"av_textblock_section \"  itemscope=\"itemscope\" itemtype=\"https:\/\/schema.org\/CreativeWork\" ><div class='avia_textblock  av_inherit_color '  style='color:#ffffff; '  itemprop=\"text\" ><p>Tras un a\u00f1o de luces y sombras en la LEB Oro, el interior donostiarra es convocado por la Selecci\u00f3n Espa\u00f1ola para jugar el Mundial U19, con quienes goza de un gran protagonismo siendo uno de los nombres propios del equipo que finaliz\u00f3 5\u00ba del Mundo.<\/p>\n<p>Tras finalizar el Mundial, el ala p\u00edvot fue cedido al Huesca para seguir creciendo en la LEB Oro.<\/p>\n<\/div><\/section><\/p><\/div><div class='av-flex-placeholder'><\/div><div class=\"flex_column av_two_fifth  avia-full-stretch flex_column_table_cell av-equal-height-column av-align-middle av-zero-column-padding   avia-builder-el-29  el_after_av_three_fifth  avia-builder-el-last  \" style='border-radius:0px; '><div  class='avia-image-container  av-styling-    avia-builder-el-30  avia-builder-el-no-sibling  avia-align-center '  itemprop=\"image\" itemscope=\"itemscope\" itemtype=\"https:\/\/schema.org\/ImageObject\"  ><div class='avia-image-container-inner'><div class='avia-image-overlay-wrap'><img decoding=\"async\" class='wp-image-9357 avia-img-lazy-loading-not-9357 avia_image' src=\"https:\/\/fozsports-events.com\/wp-content\/uploads\/2021\/12\/aitoretxeguren_fozsports_hof_d05.png\" alt='' title='aitoretxeguren_fozsports_hof_d05' height=\"450\" width=\"711\"  itemprop=\"thumbnailUrl\" srcset=\"https:\/\/fozsports-events.com\/wp-content\/uploads\/2021\/12\/aitoretxeguren_fozsports_hof_d05.png 711w, https:\/\/fozsports-events.com\/wp-content\/uploads\/2021\/12\/aitoretxeguren_fozsports_hof_d05-300x190.png 300w, https:\/\/fozsports-events.com\/wp-content\/uploads\/2021\/12\/aitoretxeguren_fozsports_hof_d05-705x446.png 705w\" sizes=\"(max-width: 711px) 100vw, 711px\" \/><\/div><\/div><\/div><\/div><\/div><!--close column table wrapper. Autoclose: 1 --><\/div><\/div><\/div><!-- close content main div --><\/div><\/div><div id='after_section_6'  class='main_color av_default_container_wrap container_wrap sidebar_right' style=' '  ><div class='container' ><div class='template-page content  av-content-small alpha units'><div class='post-entry post-entry-type-page post-entry-9272'><div class='entry-content-wrapper clearfix'><\/p>\n","protected":false},"excerpt":{"rendered":"","protected":false},"author":1,"featured_media":0,"parent":9255,"menu_order":0,"comment_status":"closed","ping_status":"closed","template":"","meta":{"footnotes":""},"class_list":["post-9272","page","type-page","status-publish","hentry"],"yoast_head":"<!-- This site is optimized with the Yoast SEO plugin v26.7 - https:\/\/yoast.com\/wordpress\/plugins\/seo\/ -->\n<title>Aitor Etxeguren - Foz Sports Events<\/title>\n<meta name=\"robots\" content=\"index, follow, max-snippet:-1, max-image-preview:large, max-video-preview:-1\" \/>\n<link rel=\"canonical\" href=\"https:\/\/fozsports-events.com\/en\/hall-of-fame\/aitor-etxeguren\/\" \/>\n<meta property=\"og:locale\" content=\"en_US\" \/>\n<meta property=\"og:type\" content=\"article\" \/>\n<meta property=\"og:title\" content=\"Aitor Etxeguren - Foz Sports Events\" \/>\n<meta property=\"og:url\" content=\"https:\/\/fozsports-events.com\/en\/hall-of-fame\/aitor-etxeguren\/\" \/>\n<meta property=\"og:site_name\" content=\"Foz Sports Events\" \/>\n<meta property=\"article:modified_time\" content=\"2021-12-01T13:56:24+00:00\" \/>\n<meta name=\"twitter:card\" content=\"summary_large_image\" \/>\n<meta name=\"twitter:label1\" content=\"Est. reading time\" \/>\n\t<meta name=\"twitter:data1\" content=\"9 minutes\" \/>\n<script type=\"application\/ld+json\" class=\"yoast-schema-graph\">{\"@context\":\"https:\/\/schema.org\",\"@graph\":[{\"@type\":\"WebPage\",\"@id\":\"https:\/\/fozsports-events.com\/en\/hall-of-fame\/aitor-etxeguren\/\",\"url\":\"https:\/\/fozsports-events.com\/en\/hall-of-fame\/aitor-etxeguren\/\",\"name\":\"Aitor Etxeguren - Foz Sports Events\",\"isPartOf\":{\"@id\":\"https:\/\/fozsports-events.com\/en\/mvpj29\/#website\"},\"datePublished\":\"2021-12-01T10:37:18+00:00\",\"dateModified\":\"2021-12-01T13:56:24+00:00\",\"breadcrumb\":{\"@id\":\"https:\/\/fozsports-events.com\/en\/hall-of-fame\/aitor-etxeguren\/#breadcrumb\"},\"inLanguage\":\"en-US\",\"potentialAction\":[{\"@type\":\"ReadAction\",\"target\":[\"https:\/\/fozsports-events.com\/en\/hall-of-fame\/aitor-etxeguren\/\"]}]},{\"@type\":\"BreadcrumbList\",\"@id\":\"https:\/\/fozsports-events.com\/en\/hall-of-fame\/aitor-etxeguren\/#breadcrumb\",\"itemListElement\":[{\"@type\":\"ListItem\",\"position\":1,\"name\":\"Portada\",\"item\":\"https:\/\/fozsports-events.com\/en\/mvpj29\/\"},{\"@type\":\"ListItem\",\"position\":2,\"name\":\"Hall of Fame\",\"item\":\"https:\/\/fozsports-events.com\/en\/mvpj29\/\"},{\"@type\":\"ListItem\",\"position\":3,\"name\":\"Aitor Etxeguren\"}]},{\"@type\":\"WebSite\",\"@id\":\"https:\/\/fozsports-events.com\/en\/mvpj29\/#website\",\"url\":\"https:\/\/fozsports-events.com\/en\/mvpj29\/\",\"name\":\"Foz Sports Events\",\"description\":\"Foz Sports Events\",\"potentialAction\":[{\"@type\":\"SearchAction\",\"target\":{\"@type\":\"EntryPoint\",\"urlTemplate\":\"https:\/\/fozsports-events.com\/en\/mvpj29\/?s={search_term_string}\"},\"query-input\":{\"@type\":\"PropertyValueSpecification\",\"valueRequired\":true,\"valueName\":\"search_term_string\"}}],\"inLanguage\":\"en-US\"}]}<\/script>\n<!-- \/ Yoast SEO plugin. -->","yoast_head_json":{"title":"Aitor Etxeguren - Foz Sports Events","robots":{"index":"index","follow":"follow","max-snippet":"max-snippet:-1","max-image-preview":"max-image-preview:large","max-video-preview":"max-video-preview:-1"},"canonical":"https:\/\/fozsports-events.com\/en\/hall-of-fame\/aitor-etxeguren\/","og_locale":"en_US","og_type":"article","og_title":"Aitor Etxeguren - Foz Sports Events","og_url":"https:\/\/fozsports-events.com\/en\/hall-of-fame\/aitor-etxeguren\/","og_site_name":"Foz Sports Events","article_modified_time":"2021-12-01T13:56:24+00:00","twitter_card":"summary_large_image","twitter_misc":{"Est. reading time":"9 minutes"},"schema":{"@context":"https:\/\/schema.org","@graph":[{"@type":"WebPage","@id":"https:\/\/fozsports-events.com\/en\/hall-of-fame\/aitor-etxeguren\/","url":"https:\/\/fozsports-events.com\/en\/hall-of-fame\/aitor-etxeguren\/","name":"Aitor Etxeguren - Foz Sports Events","isPartOf":{"@id":"https:\/\/fozsports-events.com\/en\/mvpj29\/#website"},"datePublished":"2021-12-01T10:37:18+00:00","dateModified":"2021-12-01T13:56:24+00:00","breadcrumb":{"@id":"https:\/\/fozsports-events.com\/en\/hall-of-fame\/aitor-etxeguren\/#breadcrumb"},"inLanguage":"en-US","potentialAction":[{"@type":"ReadAction","target":["https:\/\/fozsports-events.com\/en\/hall-of-fame\/aitor-etxeguren\/"]}]},{"@type":"BreadcrumbList","@id":"https:\/\/fozsports-events.com\/en\/hall-of-fame\/aitor-etxeguren\/#breadcrumb","itemListElement":[{"@type":"ListItem","position":1,"name":"Portada","item":"https:\/\/fozsports-events.com\/en\/mvpj29\/"},{"@type":"ListItem","position":2,"name":"Hall of Fame","item":"https:\/\/fozsports-events.com\/en\/mvpj29\/"},{"@type":"ListItem","position":3,"name":"Aitor Etxeguren"}]},{"@type":"WebSite","@id":"https:\/\/fozsports-events.com\/en\/mvpj29\/#website","url":"https:\/\/fozsports-events.com\/en\/mvpj29\/","name":"Foz Sports Events","description":"Foz Sports Events","potentialAction":[{"@type":"SearchAction","target":{"@type":"EntryPoint","urlTemplate":"https:\/\/fozsports-events.com\/en\/mvpj29\/?s={search_term_string}"},"query-input":{"@type":"PropertyValueSpecification","valueRequired":true,"valueName":"search_term_string"}}],"inLanguage":"en-US"}]}},"_links":{"self":[{"href":"https:\/\/fozsports-events.com\/en\/wp-json\/wp\/v2\/pages\/9272","targetHints":{"allow":["GET"]}}],"collection":[{"href":"https:\/\/fozsports-events.com\/en\/wp-json\/wp\/v2\/pages"}],"about":[{"href":"https:\/\/fozsports-events.com\/en\/wp-json\/wp\/v2\/types\/page"}],"author":[{"embeddable":true,"href":"https:\/\/fozsports-events.com\/en\/wp-json\/wp\/v2\/users\/1"}],"replies":[{"embeddable":true,"href":"https:\/\/fozsports-events.com\/en\/wp-json\/wp\/v2\/comments?post=9272"}],"version-history":[{"count":3,"href":"https:\/\/fozsports-events.com\/en\/wp-json\/wp\/v2\/pages\/9272\/revisions"}],"predecessor-version":[{"id":9359,"href":"https:\/\/fozsports-events.com\/en\/wp-json\/wp\/v2\/pages\/9272\/revisions\/9359"}],"up":[{"embeddable":true,"href":"https:\/\/fozsports-events.com\/en\/wp-json\/wp\/v2\/pages\/9255"}],"wp:attachment":[{"href":"https:\/\/fozsports-events.com\/en\/wp-json\/wp\/v2\/media?parent=9272"}],"curies":[{"name":"wp","href":"https:\/\/api.w.org\/{rel}","templated":true}]}}