{"id":9276,"date":"2021-12-01T10:35:50","date_gmt":"2021-12-01T10:35:50","guid":{"rendered":"https:\/\/fozsports-events.com\/hall-of-fame\/sergi-huguet\/"},"modified":"2021-12-01T14:09:38","modified_gmt":"2021-12-01T14:09:38","slug":"sergi-huguet","status":"publish","type":"page","link":"https:\/\/fozsports-events.com\/en\/hall-of-fame\/sergi-huguet\/","title":{"rendered":"Sergi Huguet"},"content":{"rendered":"<div id='av_section_1'  class='avia-section main_color avia-section-default avia-no-border-styling  avia-full-stretch avia-bg-style-scroll  avia-builder-el-0  el_before_av_section  avia-builder-el-first   av-minimum-height av-minimum-height-50  container_wrap sidebar_right' style='background-repeat: no-repeat; background-image: url(https:\/\/fozsports-events.com\/wp-content\/uploads\/2021\/12\/A0E5DFE9-0B28-42FB-940A-0A5AB3DF2BA5.jpeg);background-attachment: scroll; background-position: center center;  '  data-section-bg-repeat='stretch' data-av_minimum_height_pc='50'><div class='container' ><main  role=\"main\" itemprop=\"mainContentOfPage\"  class='template-page content  av-content-small alpha units'><div class='post-entry post-entry-type-page post-entry-9276'><div class='entry-content-wrapper clearfix'>\n<\/div><\/div><\/main><!-- close content main element --><\/div><\/div><div id='av_section_2'  class='avia-section main_color avia-section-default avia-no-border-styling  avia-bg-style-scroll  avia-builder-el-1  el_after_av_section  el_before_av_section  reverse-movile-section  container_wrap sidebar_right' style='background-color: #111111;  '  ><div class='container' ><div class='template-page content  av-content-small alpha units'><div class='post-entry post-entry-type-page post-entry-9276'><div class='entry-content-wrapper clearfix'>\n<div class='flex_column_table av-equal-height-column-flextable -flextable' ><div class=\"flex_column av_three_fifth  avia-full-stretch flex_column_table_cell av-equal-height-column av-align-middle av-zero-column-padding first  avia-builder-el-2  el_before_av_two_fifth  avia-builder-el-first  \" style='border-radius:0px; '><p><div  style='padding-bottom:10px; color:#3b0059;font-size:76px;' class='av-special-heading av-special-heading-h2 custom-color-heading blockquote modern-quote  avia-builder-el-3  el_before_av_textblock  avia-builder-el-first  av-inherit-size '><h2 class='av-special-heading-tag '  itemprop=\"headline\"  >2018<\/h2><div class='special-heading-border'><div class='special-heading-inner-border' style='border-color:#3b0059'><\/div><\/div><\/div><br \/>\n<section class=\"av_textblock_section \"  itemscope=\"itemscope\" itemtype=\"https:\/\/schema.org\/CreativeWork\" ><div class='avia_textblock  av_inherit_color '  style='color:#ffffff; '  itemprop=\"text\" ><p>Sergi Huguet se une a FSE con 15 a\u00f1os y un brillante futuro por delante, tras brillar un Campeonato de Espa\u00f1a Junior (siendo todav\u00eda cadete), con el Bahia San Agust\u00edn. En el verano se 2018 es convocado por la Selecci\u00f3n Espa\u00f1ola U17 para participar en el Torneo Internacional de Mallorca.<\/p>\n<p>En la temporada 17\/18 disputa la Liga Primera Nacional con el Centre de Tecnificaci\u00f3 de les Illes Balears.<\/p>\n<\/div><\/section><\/p><\/div><div class='av-flex-placeholder'><\/div><div class=\"flex_column av_two_fifth  avia-full-stretch flex_column_table_cell av-equal-height-column av-align-middle av-zero-column-padding   avia-builder-el-5  el_after_av_three_fifth  avia-builder-el-last  \" style='border-radius:0px; '><div  class='avia-image-container  av-styling-    avia-builder-el-6  avia-builder-el-no-sibling  avia-align-center '  itemprop=\"image\" itemscope=\"itemscope\" itemtype=\"https:\/\/schema.org\/ImageObject\"  ><div class='avia-image-container-inner'><div class='avia-image-overlay-wrap'><img decoding=\"async\" class='wp-image-9387 avia-img-lazy-loading-not-9387 avia_image' src=\"https:\/\/fozsports-events.com\/wp-content\/uploads\/2021\/12\/sergihuguet_fozsports_hof_d01.png\" alt='' title='sergihuguet_fozsports_hof_d01' height=\"450\" width=\"711\"  itemprop=\"thumbnailUrl\" srcset=\"https:\/\/fozsports-events.com\/wp-content\/uploads\/2021\/12\/sergihuguet_fozsports_hof_d01.png 711w, https:\/\/fozsports-events.com\/wp-content\/uploads\/2021\/12\/sergihuguet_fozsports_hof_d01-300x190.png 300w, https:\/\/fozsports-events.com\/wp-content\/uploads\/2021\/12\/sergihuguet_fozsports_hof_d01-705x446.png 705w\" sizes=\"(max-width: 711px) 100vw, 711px\" \/><\/div><\/div><\/div><\/div><\/div><!--close column table wrapper. Autoclose: 1 -->\n\n<\/div><\/div><\/div><!-- close content main div --><\/div><\/div><div id='av_section_3'  class='avia-section main_color avia-section-default avia-no-border-styling  avia-bg-style-scroll  avia-builder-el-7  el_after_av_section  el_before_av_section   container_wrap sidebar_right' style='background-color: #111111;  '  ><div class='container' ><div class='template-page content  av-content-small alpha units'><div class='post-entry post-entry-type-page post-entry-9276'><div class='entry-content-wrapper clearfix'>\n<div class='flex_column_table av-equal-height-column-flextable -flextable' ><div class=\"flex_column av_two_fifth  avia-full-stretch flex_column_table_cell av-equal-height-column av-align-middle av-zero-column-padding first  avia-builder-el-8  el_before_av_three_fifth  avia-builder-el-first  \" style='border-radius:0px; '><div  class='avia-image-container  av-styling-    avia-builder-el-9  avia-builder-el-no-sibling  avia-align-center '  itemprop=\"image\" itemscope=\"itemscope\" itemtype=\"https:\/\/schema.org\/ImageObject\"  ><div class='avia-image-container-inner'><div class='avia-image-overlay-wrap'><img decoding=\"async\" class='wp-image-9389 avia-img-lazy-loading-not-9389 avia_image' src=\"https:\/\/fozsports-events.com\/wp-content\/uploads\/2021\/12\/sergihuguet_fozsports_hof_d02.png\" alt='' title='sergihuguet_fozsports_hof_d02' height=\"450\" width=\"711\"  itemprop=\"thumbnailUrl\" srcset=\"https:\/\/fozsports-events.com\/wp-content\/uploads\/2021\/12\/sergihuguet_fozsports_hof_d02.png 711w, https:\/\/fozsports-events.com\/wp-content\/uploads\/2021\/12\/sergihuguet_fozsports_hof_d02-300x190.png 300w, https:\/\/fozsports-events.com\/wp-content\/uploads\/2021\/12\/sergihuguet_fozsports_hof_d02-705x446.png 705w\" sizes=\"(max-width: 711px) 100vw, 711px\" \/><\/div><\/div><\/div><\/div><div class='av-flex-placeholder'><\/div><div class=\"flex_column av_three_fifth  avia-full-stretch flex_column_table_cell av-equal-height-column av-align-middle   avia-builder-el-10  el_after_av_two_fifth  avia-builder-el-last  \" style='padding:0PX; border-radius:0px; '><p><div  style='padding-bottom:10px; color:#3b0059;font-size:76px;' class='av-special-heading av-special-heading-h2 custom-color-heading blockquote modern-quote  avia-builder-el-11  el_before_av_textblock  avia-builder-el-first  av-inherit-size '><h2 class='av-special-heading-tag '  itemprop=\"headline\"  >2019<\/h2><div class='special-heading-border'><div class='special-heading-inner-border' style='border-color:#3b0059'><\/div><\/div><\/div><br \/>\n<section class=\"av_textblock_section \"  itemscope=\"itemscope\" itemtype=\"https:\/\/schema.org\/CreativeWork\" ><div class='avia_textblock  av_inherit_color '  style='color:#ffffff; '  itemprop=\"text\" ><p>Con premiso del CTEIB, el alero mallorqu\u00edn que sigue enrolado al mismo, se une a las filas del B The Trabel Brand de Liga EBA donde se convierte en uno de los jugadores m\u00e1s dominantes de toda la categor\u00eda estando todav\u00eda en edad junior.<\/p>\n<\/div><\/section><\/p><\/div><\/div><!--close column table wrapper. Autoclose: 1 -->\n\n<\/div><\/div><\/div><!-- close content main div --><\/div><\/div><div id='av_section_4'  class='avia-section main_color avia-section-default avia-no-border-styling  avia-bg-style-scroll  avia-builder-el-13  el_after_av_section  el_before_av_section  reverse-movile-section  container_wrap sidebar_right' style='background-color: #111111;  '  ><div class='container' ><div class='template-page content  av-content-small alpha units'><div class='post-entry post-entry-type-page post-entry-9276'><div class='entry-content-wrapper clearfix'>\n<div class='flex_column_table av-equal-height-column-flextable -flextable' ><div class=\"flex_column av_three_fifth  avia-full-stretch flex_column_table_cell av-equal-height-column av-align-middle av-zero-column-padding first  avia-builder-el-14  el_before_av_two_fifth  avia-builder-el-first  \" style='border-radius:0px; '><p><div  style='padding-bottom:10px; color:#3b0059;font-size:76px;' class='av-special-heading av-special-heading-h2 custom-color-heading blockquote modern-quote  avia-builder-el-15  el_before_av_textblock  avia-builder-el-first  av-inherit-size '><h2 class='av-special-heading-tag '  itemprop=\"headline\"  >2020<\/h2><div class='special-heading-border'><div class='special-heading-inner-border' style='border-color:#3b0059'><\/div><\/div><\/div><br \/>\n<section class=\"av_textblock_section \"  itemscope=\"itemscope\" itemtype=\"https:\/\/schema.org\/CreativeWork\" ><div class='avia_textblock  av_inherit_color '  style='color:#ffffff; '  itemprop=\"text\" ><p>Tras su gran temporada en la Liga EBA, firma por una temporada por el equipo de LEB Oro del Palmer Alma Mediterr\u00e1nea, donde consigue jugar a un gran nivel y realizar grandes actuaciones cuando goza de minutos.<\/p>\n<\/div><\/section><\/p><\/div><div class='av-flex-placeholder'><\/div><div class=\"flex_column av_two_fifth  avia-full-stretch flex_column_table_cell av-equal-height-column av-align-middle av-zero-column-padding   avia-builder-el-17  el_after_av_three_fifth  avia-builder-el-last  \" style='border-radius:0px; '><div  class='avia-image-container  av-styling-    avia-builder-el-18  avia-builder-el-no-sibling  avia-align-center '  itemprop=\"image\" itemscope=\"itemscope\" itemtype=\"https:\/\/schema.org\/ImageObject\"  ><div class='avia-image-container-inner'><div class='avia-image-overlay-wrap'><img decoding=\"async\" class='wp-image-9391 avia-img-lazy-loading-not-9391 avia_image' src=\"https:\/\/fozsports-events.com\/wp-content\/uploads\/2021\/12\/sergihuguet_fozsports_hof_d03.png\" alt='' title='sergihuguet_fozsports_hof_d03' height=\"450\" width=\"711\"  itemprop=\"thumbnailUrl\" srcset=\"https:\/\/fozsports-events.com\/wp-content\/uploads\/2021\/12\/sergihuguet_fozsports_hof_d03.png 711w, https:\/\/fozsports-events.com\/wp-content\/uploads\/2021\/12\/sergihuguet_fozsports_hof_d03-300x190.png 300w, https:\/\/fozsports-events.com\/wp-content\/uploads\/2021\/12\/sergihuguet_fozsports_hof_d03-705x446.png 705w\" sizes=\"(max-width: 711px) 100vw, 711px\" \/><\/div><\/div><\/div><\/div><\/div><!--close column table wrapper. Autoclose: 1 -->\n\n<\/div><\/div><\/div><!-- close content main div --><\/div><\/div><div id='av_section_5'  class='avia-section main_color avia-section-default avia-no-border-styling  avia-bg-style-scroll  avia-builder-el-19  el_after_av_section  el_before_av_section   container_wrap sidebar_right' style='background-color: #111111;  '  ><div class='container' ><div class='template-page content  av-content-small alpha units'><div class='post-entry post-entry-type-page post-entry-9276'><div class='entry-content-wrapper clearfix'>\n<div class='flex_column_table av-equal-height-column-flextable -flextable' ><div class=\"flex_column av_two_fifth  avia-full-stretch flex_column_table_cell av-equal-height-column av-align-middle av-zero-column-padding first  avia-builder-el-20  el_before_av_three_fifth  avia-builder-el-first  \" style='border-radius:0px; '><div  class='avia-image-container  av-styling-    avia-builder-el-21  avia-builder-el-no-sibling  avia-align-center '  itemprop=\"image\" itemscope=\"itemscope\" itemtype=\"https:\/\/schema.org\/ImageObject\"  ><div class='avia-image-container-inner'><div class='avia-image-overlay-wrap'><img decoding=\"async\" class='wp-image-9393 avia-img-lazy-loading-not-9393 avia_image' src=\"https:\/\/fozsports-events.com\/wp-content\/uploads\/2021\/12\/sergihuguet_fozsports_hof_d04.png\" alt='' title='sergihuguet_fozsports_hof_d04' height=\"450\" width=\"711\"  itemprop=\"thumbnailUrl\" srcset=\"https:\/\/fozsports-events.com\/wp-content\/uploads\/2021\/12\/sergihuguet_fozsports_hof_d04.png 711w, https:\/\/fozsports-events.com\/wp-content\/uploads\/2021\/12\/sergihuguet_fozsports_hof_d04-300x190.png 300w, https:\/\/fozsports-events.com\/wp-content\/uploads\/2021\/12\/sergihuguet_fozsports_hof_d04-705x446.png 705w\" sizes=\"(max-width: 711px) 100vw, 711px\" \/><\/div><\/div><\/div><\/div><div class='av-flex-placeholder'><\/div><div class=\"flex_column av_three_fifth  avia-full-stretch flex_column_table_cell av-equal-height-column av-align-middle av-zero-column-padding   avia-builder-el-22  el_after_av_two_fifth  avia-builder-el-last  \" style='border-radius:0px; '><p><div  style='padding-bottom:10px; color:#3b0059;font-size:76px;' class='av-special-heading av-special-heading-h2 custom-color-heading blockquote modern-quote  avia-builder-el-23  el_before_av_textblock  avia-builder-el-first  av-inherit-size '><h2 class='av-special-heading-tag '  itemprop=\"headline\"  >2021<\/h2><div class='special-heading-border'><div class='special-heading-inner-border' style='border-color:#3b0059'><\/div><\/div><\/div><br \/>\n<section class=\"av_textblock_section \"  itemscope=\"itemscope\" itemtype=\"https:\/\/schema.org\/CreativeWork\" ><div class='avia_textblock  av_inherit_color '  style='color:#ffffff; '  itemprop=\"text\" ><p>Su primera temporada como senior en la LEB Oro y su tremenda proyecci\u00f3n no pasan desapercibidas y recibe una oferta multianual del Monbus Obradoiro que milita la Liga ACB.<\/p>\n<p>Tras la firma, es convocado con la Selecci\u00f3n Espa\u00f1ola U20, consiguiendo la medalla de Plata del FIBA Challenger U20 \u00a0y siendo MVP del primer partido frente Albania.<\/p>\n<p>El d\u00eda 30 de octubre de 2021 y tras dominar las primeras jornadas con el filial gallego en la Liga EBA, Sergi recoge los frutos de su trabajo y debuta frente el Lenovo Tenerife en la ACB. Desde entonces, forma parte activa de la primera plantilla obradorista as\u00ed como ejerce de l\u00edder del filial.<\/p>\n<\/div><\/section><\/p><\/div><\/div><!--close column table wrapper. Autoclose: 1 -->\n\n<\/div><\/div><\/div><!-- close content main div --><\/div><\/div><div id='av_section_6'  class='avia-section main_color avia-section-default avia-no-border-styling  avia-bg-style-scroll  avia-builder-el-25  el_after_av_section  avia-builder-el-last  reverse-movile-section  container_wrap sidebar_right' style='background-color: #111111;  '  ><div class='container' ><div class='template-page content  av-content-small alpha units'><div class='post-entry post-entry-type-page post-entry-9276'><div class='entry-content-wrapper clearfix'>\n<div class='flex_column_table av-equal-height-column-flextable -flextable' ><div class=\"flex_column av_three_fifth  avia-full-stretch flex_column_table_cell av-equal-height-column av-align-middle av-zero-column-padding first  avia-builder-el-26  el_before_av_two_fifth  avia-builder-el-first  \" style='border-radius:0px; '><p><div  style='padding-bottom:10px; color:#3b0059;font-size:76px;' class='av-special-heading av-special-heading-h2 custom-color-heading blockquote modern-quote  avia-builder-el-27  el_before_av_textblock  avia-builder-el-first  av-inherit-size '><h2 class='av-special-heading-tag '  itemprop=\"headline\"  >2021<\/h2><div class='special-heading-border'><div class='special-heading-inner-border' style='border-color:#3b0059'><\/div><\/div><\/div><br \/>\n<section class=\"av_textblock_section \"  itemscope=\"itemscope\" itemtype=\"https:\/\/schema.org\/CreativeWork\" ><div class='avia_textblock  av_inherit_color '  style='color:#ffffff; '  itemprop=\"text\" ><p class=\"p1\"><span class=\"s1\">En febrero de 2021, Mike debut\u00f3 con la Selecci\u00f3n Nacional de la Rep\u00fablica Dominicana en las ventanas FIBA de febrero, consiguiendo una actuaci\u00f3n hist\u00f3rica en la que rozar\u00eda el triple doble para 32 de valoraci\u00f3n en la victoria frente Islas V\u00edrgenes. En verano repetir\u00eda la \u00e9pica siendo el mejor jugador del conjunto nacional en el clasificatorio pre Ol\u00edmpico en el que cayeron en Semifinales frente Italia.<\/span><\/p>\n<p class=\"p1\"><span class=\"s1\">Debut\u00f3 en la Liga Nacional de Baloncesto de Rep\u00fablica Dominicana y posteriormente jug\u00f3 Champions League con el Belfius de B\u00e9lgica. En Septiembre se enrol\u00f3 en las filas de los Capitanes de la NBA G-League, siendo el primer espa\u00f1ol de la historia en firmar en la Liga sin ser enviado por un equipo NBA.<\/span><\/p>\n<\/div><\/section><\/p><\/div><div class='av-flex-placeholder'><\/div><div class=\"flex_column av_two_fifth  avia-full-stretch flex_column_table_cell av-equal-height-column av-align-middle av-zero-column-padding   avia-builder-el-29  el_after_av_three_fifth  avia-builder-el-last  \" style='border-radius:0px; '><div  class='avia-image-container  av-styling-    avia-builder-el-30  avia-builder-el-no-sibling  avia-align-center '  itemprop=\"image\" itemscope=\"itemscope\" itemtype=\"https:\/\/schema.org\/ImageObject\"  ><div class='avia-image-container-inner'><div class='avia-image-overlay-wrap'><img decoding=\"async\" class='wp-image-9154 avia-img-lazy-loading-not-9154 avia_image' src=\"https:\/\/fozsports-events.com\/wp-content\/uploads\/2021\/11\/miketorres_fozsports_hof_d06.png\" alt='' title='miketorres_fozsports_hof_d06' height=\"450\" width=\"711\"  itemprop=\"thumbnailUrl\" srcset=\"https:\/\/fozsports-events.com\/wp-content\/uploads\/2021\/11\/miketorres_fozsports_hof_d06.png 711w, https:\/\/fozsports-events.com\/wp-content\/uploads\/2021\/11\/miketorres_fozsports_hof_d06-300x190.png 300w, https:\/\/fozsports-events.com\/wp-content\/uploads\/2021\/11\/miketorres_fozsports_hof_d06-705x446.png 705w\" sizes=\"(max-width: 711px) 100vw, 711px\" \/><\/div><\/div><\/div><\/div><\/div><!--close column table wrapper. Autoclose: 1 -->\n<\/div><\/div><\/div><!-- close content main div --><\/div><\/div><div id='after_section_6'  class='main_color av_default_container_wrap container_wrap sidebar_right' style=' '  ><div class='container' ><div class='template-page content  av-content-small alpha units'><div class='post-entry post-entry-type-page post-entry-9276'><div class='entry-content-wrapper clearfix'>\n","protected":false},"excerpt":{"rendered":"","protected":false},"author":1,"featured_media":0,"parent":9255,"menu_order":0,"comment_status":"closed","ping_status":"closed","template":"","meta":{"footnotes":""},"class_list":["post-9276","page","type-page","status-publish","hentry"],"yoast_head":"<!-- This site is optimized with the Yoast SEO plugin v26.7 - https:\/\/yoast.com\/wordpress\/plugins\/seo\/ -->\n<title>Sergi Huguet - Foz Sports Events<\/title>\n<meta name=\"robots\" content=\"index, follow, max-snippet:-1, max-image-preview:large, max-video-preview:-1\" \/>\n<link rel=\"canonical\" href=\"https:\/\/fozsports-events.com\/en\/hall-of-fame\/sergi-huguet\/\" \/>\n<meta property=\"og:locale\" content=\"en_US\" \/>\n<meta property=\"og:type\" content=\"article\" \/>\n<meta property=\"og:title\" content=\"Sergi Huguet - Foz Sports Events\" \/>\n<meta property=\"og:url\" content=\"https:\/\/fozsports-events.com\/en\/hall-of-fame\/sergi-huguet\/\" \/>\n<meta property=\"og:site_name\" content=\"Foz Sports Events\" \/>\n<meta property=\"article:modified_time\" content=\"2021-12-01T14:09:38+00:00\" \/>\n<meta name=\"twitter:card\" content=\"summary_large_image\" \/>\n<meta name=\"twitter:label1\" content=\"Est. reading time\" \/>\n\t<meta name=\"twitter:data1\" content=\"9 minutes\" \/>\n<script type=\"application\/ld+json\" class=\"yoast-schema-graph\">{\"@context\":\"https:\/\/schema.org\",\"@graph\":[{\"@type\":\"WebPage\",\"@id\":\"https:\/\/fozsports-events.com\/en\/hall-of-fame\/sergi-huguet\/\",\"url\":\"https:\/\/fozsports-events.com\/en\/hall-of-fame\/sergi-huguet\/\",\"name\":\"Sergi Huguet - Foz Sports Events\",\"isPartOf\":{\"@id\":\"https:\/\/fozsports-events.com\/en\/mvpj29\/#website\"},\"datePublished\":\"2021-12-01T10:35:50+00:00\",\"dateModified\":\"2021-12-01T14:09:38+00:00\",\"breadcrumb\":{\"@id\":\"https:\/\/fozsports-events.com\/en\/hall-of-fame\/sergi-huguet\/#breadcrumb\"},\"inLanguage\":\"en-US\",\"potentialAction\":[{\"@type\":\"ReadAction\",\"target\":[\"https:\/\/fozsports-events.com\/en\/hall-of-fame\/sergi-huguet\/\"]}]},{\"@type\":\"BreadcrumbList\",\"@id\":\"https:\/\/fozsports-events.com\/en\/hall-of-fame\/sergi-huguet\/#breadcrumb\",\"itemListElement\":[{\"@type\":\"ListItem\",\"position\":1,\"name\":\"Portada\",\"item\":\"https:\/\/fozsports-events.com\/en\/mvpj29\/\"},{\"@type\":\"ListItem\",\"position\":2,\"name\":\"Hall of Fame\",\"item\":\"https:\/\/fozsports-events.com\/en\/mvpj29\/\"},{\"@type\":\"ListItem\",\"position\":3,\"name\":\"Sergi Huguet\"}]},{\"@type\":\"WebSite\",\"@id\":\"https:\/\/fozsports-events.com\/en\/mvpj29\/#website\",\"url\":\"https:\/\/fozsports-events.com\/en\/mvpj29\/\",\"name\":\"Foz Sports Events\",\"description\":\"Foz Sports Events\",\"potentialAction\":[{\"@type\":\"SearchAction\",\"target\":{\"@type\":\"EntryPoint\",\"urlTemplate\":\"https:\/\/fozsports-events.com\/en\/mvpj29\/?s={search_term_string}\"},\"query-input\":{\"@type\":\"PropertyValueSpecification\",\"valueRequired\":true,\"valueName\":\"search_term_string\"}}],\"inLanguage\":\"en-US\"}]}<\/script>\n<!-- \/ Yoast SEO plugin. -->","yoast_head_json":{"title":"Sergi Huguet - Foz Sports Events","robots":{"index":"index","follow":"follow","max-snippet":"max-snippet:-1","max-image-preview":"max-image-preview:large","max-video-preview":"max-video-preview:-1"},"canonical":"https:\/\/fozsports-events.com\/en\/hall-of-fame\/sergi-huguet\/","og_locale":"en_US","og_type":"article","og_title":"Sergi Huguet - Foz Sports Events","og_url":"https:\/\/fozsports-events.com\/en\/hall-of-fame\/sergi-huguet\/","og_site_name":"Foz Sports Events","article_modified_time":"2021-12-01T14:09:38+00:00","twitter_card":"summary_large_image","twitter_misc":{"Est. reading time":"9 minutes"},"schema":{"@context":"https:\/\/schema.org","@graph":[{"@type":"WebPage","@id":"https:\/\/fozsports-events.com\/en\/hall-of-fame\/sergi-huguet\/","url":"https:\/\/fozsports-events.com\/en\/hall-of-fame\/sergi-huguet\/","name":"Sergi Huguet - Foz Sports Events","isPartOf":{"@id":"https:\/\/fozsports-events.com\/en\/mvpj29\/#website"},"datePublished":"2021-12-01T10:35:50+00:00","dateModified":"2021-12-01T14:09:38+00:00","breadcrumb":{"@id":"https:\/\/fozsports-events.com\/en\/hall-of-fame\/sergi-huguet\/#breadcrumb"},"inLanguage":"en-US","potentialAction":[{"@type":"ReadAction","target":["https:\/\/fozsports-events.com\/en\/hall-of-fame\/sergi-huguet\/"]}]},{"@type":"BreadcrumbList","@id":"https:\/\/fozsports-events.com\/en\/hall-of-fame\/sergi-huguet\/#breadcrumb","itemListElement":[{"@type":"ListItem","position":1,"name":"Portada","item":"https:\/\/fozsports-events.com\/en\/mvpj29\/"},{"@type":"ListItem","position":2,"name":"Hall of Fame","item":"https:\/\/fozsports-events.com\/en\/mvpj29\/"},{"@type":"ListItem","position":3,"name":"Sergi Huguet"}]},{"@type":"WebSite","@id":"https:\/\/fozsports-events.com\/en\/mvpj29\/#website","url":"https:\/\/fozsports-events.com\/en\/mvpj29\/","name":"Foz Sports Events","description":"Foz Sports Events","potentialAction":[{"@type":"SearchAction","target":{"@type":"EntryPoint","urlTemplate":"https:\/\/fozsports-events.com\/en\/mvpj29\/?s={search_term_string}"},"query-input":{"@type":"PropertyValueSpecification","valueRequired":true,"valueName":"search_term_string"}}],"inLanguage":"en-US"}]}},"_links":{"self":[{"href":"https:\/\/fozsports-events.com\/en\/wp-json\/wp\/v2\/pages\/9276","targetHints":{"allow":["GET"]}}],"collection":[{"href":"https:\/\/fozsports-events.com\/en\/wp-json\/wp\/v2\/pages"}],"about":[{"href":"https:\/\/fozsports-events.com\/en\/wp-json\/wp\/v2\/types\/page"}],"author":[{"embeddable":true,"href":"https:\/\/fozsports-events.com\/en\/wp-json\/wp\/v2\/users\/1"}],"replies":[{"embeddable":true,"href":"https:\/\/fozsports-events.com\/en\/wp-json\/wp\/v2\/comments?post=9276"}],"version-history":[{"count":4,"href":"https:\/\/fozsports-events.com\/en\/wp-json\/wp\/v2\/pages\/9276\/revisions"}],"predecessor-version":[{"id":10191,"href":"https:\/\/fozsports-events.com\/en\/wp-json\/wp\/v2\/pages\/9276\/revisions\/10191"}],"up":[{"embeddable":true,"href":"https:\/\/fozsports-events.com\/en\/wp-json\/wp\/v2\/pages\/9255"}],"wp:attachment":[{"href":"https:\/\/fozsports-events.com\/en\/wp-json\/wp\/v2\/media?parent=9276"}],"curies":[{"name":"wp","href":"https:\/\/api.w.org\/{rel}","templated":true}]}}