{"id":9280,"date":"2021-12-01T10:34:23","date_gmt":"2021-12-01T10:34:23","guid":{"rendered":"https:\/\/fozsports-events.com\/hall-of-fame\/pablo-marin\/"},"modified":"2021-12-01T14:02:26","modified_gmt":"2021-12-01T14:02:26","slug":"pablo-marin","status":"publish","type":"page","link":"https:\/\/fozsports-events.com\/en\/hall-of-fame\/pablo-marin\/","title":{"rendered":"Pablo Mar\u00edn"},"content":{"rendered":"<div id='av_section_1'  class='avia-section main_color avia-section-default avia-no-border-styling  avia-full-stretch avia-bg-style-scroll  avia-builder-el-0  el_before_av_section  avia-builder-el-first   av-minimum-height av-minimum-height-50  container_wrap sidebar_right' style='background-repeat: no-repeat; background-image: url(https:\/\/fozsports-events.com\/wp-content\/uploads\/2021\/12\/99A75504-AA4D-4848-B75D-B792D42D0F20.png);background-attachment: scroll; background-position: center center;  '  data-section-bg-repeat='stretch' data-av_minimum_height_pc='50'><div class='container' ><main  role=\"main\" itemprop=\"mainContentOfPage\"  class='template-page content  av-content-small alpha units'><div class='post-entry post-entry-type-page post-entry-9280'><div class='entry-content-wrapper clearfix'>\n<\/div><\/div><\/main><!-- close content main element --><\/div><\/div><div id='av_section_2'  class='avia-section main_color avia-section-default avia-no-border-styling  avia-bg-style-scroll  avia-builder-el-1  el_after_av_section  el_before_av_section  reverse-movile-section  container_wrap sidebar_right' style='background-color: #111111;  '  ><div class='container' ><div class='template-page content  av-content-small alpha units'><div class='post-entry post-entry-type-page post-entry-9280'><div class='entry-content-wrapper clearfix'>\n<div class='flex_column_table av-equal-height-column-flextable -flextable' ><div class=\"flex_column av_three_fifth  avia-full-stretch flex_column_table_cell av-equal-height-column av-align-middle av-zero-column-padding first  avia-builder-el-2  el_before_av_two_fifth  avia-builder-el-first  \" style='border-radius:0px; '><p><div  style='padding-bottom:10px; color:#3b0059;font-size:76px;' class='av-special-heading av-special-heading-h2 custom-color-heading blockquote modern-quote  avia-builder-el-3  el_before_av_textblock  avia-builder-el-first  av-inherit-size '><h2 class='av-special-heading-tag '  itemprop=\"headline\"  >2020<\/h2><div class='special-heading-border'><div class='special-heading-inner-border' style='border-color:#3b0059'><\/div><\/div><\/div><br \/>\n<section class=\"av_textblock_section \"  itemscope=\"itemscope\" itemtype=\"https:\/\/schema.org\/CreativeWork\" ><div class='avia_textblock  av_inherit_color '  style='color:#ffffff; '  itemprop=\"text\" ><p class=\"p1\">En 2020 y tras finalizar su etapa junior, el base sevillano se une a FSE para seguir creciendo tras dos temporadas combinando Junior y EBA en el Real Betis. Tras su llegada a la Agencia, es convocado con la Selecci\u00f3n Espa\u00f1ola U18 para trabajar en verano.<\/p>\n<p>El mismo verano, llegamos a un acuerdo multianual con el Coosur Real Betis que inicia con una cesi\u00f3n del base a la LEB Plata de la mano del CB Benicarl\u00f3 donde lleva a cabo una campa\u00f1a m\u00e1s que correcta.<\/p>\n<\/div><\/section><\/p><\/div><div class='av-flex-placeholder'><\/div><div class=\"flex_column av_two_fifth  avia-full-stretch flex_column_table_cell av-equal-height-column av-align-middle av-zero-column-padding   avia-builder-el-5  el_after_av_three_fifth  avia-builder-el-last  \" style='border-radius:0px; '><div  class='avia-image-container  av-styling-    avia-builder-el-6  avia-builder-el-no-sibling  avia-align-center '  itemprop=\"image\" itemscope=\"itemscope\" itemtype=\"https:\/\/schema.org\/ImageObject\"  ><div class='avia-image-container-inner'><div class='avia-image-overlay-wrap'><img decoding=\"async\" class='wp-image-9378 avia-img-lazy-loading-not-9378 avia_image' src=\"https:\/\/fozsports-events.com\/wp-content\/uploads\/2021\/12\/pablomarin_fozsports_hof_d01.png\" alt='' title='pablomarin_fozsports_hof_d01' height=\"450\" width=\"711\"  itemprop=\"thumbnailUrl\" srcset=\"https:\/\/fozsports-events.com\/wp-content\/uploads\/2021\/12\/pablomarin_fozsports_hof_d01.png 711w, https:\/\/fozsports-events.com\/wp-content\/uploads\/2021\/12\/pablomarin_fozsports_hof_d01-300x190.png 300w, https:\/\/fozsports-events.com\/wp-content\/uploads\/2021\/12\/pablomarin_fozsports_hof_d01-705x446.png 705w\" sizes=\"(max-width: 711px) 100vw, 711px\" \/><\/div><\/div><\/div><\/div><\/div><!--close column table wrapper. Autoclose: 1 --><\/div><\/div><\/div><!-- close content main div --><\/div><\/div><div id='av_section_3'  class='avia-section main_color avia-section-default avia-no-border-styling  avia-bg-style-scroll  avia-builder-el-7  el_after_av_section  avia-builder-el-last   container_wrap sidebar_right' style='background-color: #111111;  '  ><div class='container' ><div class='template-page content  av-content-small alpha units'><div class='post-entry post-entry-type-page post-entry-9280'><div class='entry-content-wrapper clearfix'>\n<div class='flex_column_table av-equal-height-column-flextable -flextable' ><div class=\"flex_column av_two_fifth  avia-full-stretch flex_column_table_cell av-equal-height-column av-align-middle av-zero-column-padding first  avia-builder-el-8  el_before_av_three_fifth  avia-builder-el-first  \" style='border-radius:0px; '><div  class='avia-image-container  av-styling-    avia-builder-el-9  avia-builder-el-no-sibling  avia-align-center '  itemprop=\"image\" itemscope=\"itemscope\" itemtype=\"https:\/\/schema.org\/ImageObject\"  ><div class='avia-image-container-inner'><div class='avia-image-overlay-wrap'><img decoding=\"async\" class='wp-image-9380 avia-img-lazy-loading-not-9380 avia_image' src=\"https:\/\/fozsports-events.com\/wp-content\/uploads\/2021\/12\/pablomarin_fozsports_hof_d02.png\" alt='' title='pablomarin_fozsports_hof_d02' height=\"450\" width=\"711\"  itemprop=\"thumbnailUrl\" srcset=\"https:\/\/fozsports-events.com\/wp-content\/uploads\/2021\/12\/pablomarin_fozsports_hof_d02.png 711w, https:\/\/fozsports-events.com\/wp-content\/uploads\/2021\/12\/pablomarin_fozsports_hof_d02-300x190.png 300w, https:\/\/fozsports-events.com\/wp-content\/uploads\/2021\/12\/pablomarin_fozsports_hof_d02-705x446.png 705w\" sizes=\"(max-width: 711px) 100vw, 711px\" \/><\/div><\/div><\/div><\/div><div class='av-flex-placeholder'><\/div><div class=\"flex_column av_three_fifth  avia-full-stretch flex_column_table_cell av-equal-height-column av-align-middle av-zero-column-padding   avia-builder-el-10  el_after_av_two_fifth  avia-builder-el-last  \" style='border-radius:0px; '><p><div  style='padding-bottom:10px; color:#3b0059;font-size:76px;' class='av-special-heading av-special-heading-h2 custom-color-heading blockquote modern-quote  avia-builder-el-11  el_before_av_textblock  avia-builder-el-first  av-inherit-size '><h2 class='av-special-heading-tag '  itemprop=\"headline\"  >2021<\/h2><div class='special-heading-border'><div class='special-heading-inner-border' style='border-color:#3b0059'><\/div><\/div><\/div><br \/>\n<section class=\"av_textblock_section \"  itemscope=\"itemscope\" itemtype=\"https:\/\/schema.org\/CreativeWork\" ><div class='avia_textblock  av_inherit_color '  style='color:#ffffff; '  itemprop=\"text\" ><p>Tras su buen arranque en la LEB Plata, el Real Betis decide mantenerlo cerca y cederlo\/vincularlo al CB Mor\u00f3n de la LEB Plata, donde r\u00e1pidamente se erige l\u00edder en la pista siendo uno de los mejores jugadores y llegando incluso a ser MVP de la Jornada con tan solo 19 a\u00f1os. La semana siguiente, es convocado por primera vez con el primer equipo en un partido oficial y debuta en la ACB contra el Real Madrid.<\/p>\n<\/div><\/section><\/p><\/div><\/div><!--close column table wrapper. Autoclose: 1 --><\/div><\/div><\/div><!-- close content main div --><\/div><\/div><div id='after_section_3'  class='main_color av_default_container_wrap container_wrap sidebar_right' style=' '  ><div class='container' ><div class='template-page content  av-content-small alpha units'><div class='post-entry post-entry-type-page post-entry-9280'><div class='entry-content-wrapper clearfix'><\/p>\n","protected":false},"excerpt":{"rendered":"","protected":false},"author":1,"featured_media":0,"parent":9255,"menu_order":0,"comment_status":"closed","ping_status":"closed","template":"","meta":{"footnotes":""},"class_list":["post-9280","page","type-page","status-publish","hentry"],"yoast_head":"<!-- This site is optimized with the Yoast SEO plugin v26.7 - https:\/\/yoast.com\/wordpress\/plugins\/seo\/ -->\n<title>Pablo Mar\u00edn - Foz Sports Events<\/title>\n<meta name=\"robots\" content=\"index, follow, max-snippet:-1, max-image-preview:large, max-video-preview:-1\" \/>\n<link rel=\"canonical\" href=\"https:\/\/fozsports-events.com\/en\/hall-of-fame\/pablo-marin\/\" \/>\n<meta property=\"og:locale\" content=\"en_US\" \/>\n<meta property=\"og:type\" content=\"article\" \/>\n<meta property=\"og:title\" content=\"Pablo Mar\u00edn - Foz Sports Events\" \/>\n<meta property=\"og:url\" content=\"https:\/\/fozsports-events.com\/en\/hall-of-fame\/pablo-marin\/\" \/>\n<meta property=\"og:site_name\" content=\"Foz Sports Events\" \/>\n<meta property=\"article:modified_time\" content=\"2021-12-01T14:02:26+00:00\" \/>\n<meta name=\"twitter:card\" content=\"summary_large_image\" \/>\n<meta name=\"twitter:label1\" content=\"Est. reading time\" \/>\n\t<meta name=\"twitter:data1\" content=\"3 minutes\" \/>\n<script type=\"application\/ld+json\" class=\"yoast-schema-graph\">{\"@context\":\"https:\/\/schema.org\",\"@graph\":[{\"@type\":\"WebPage\",\"@id\":\"https:\/\/fozsports-events.com\/en\/hall-of-fame\/pablo-marin\/\",\"url\":\"https:\/\/fozsports-events.com\/en\/hall-of-fame\/pablo-marin\/\",\"name\":\"Pablo Mar\u00edn - Foz Sports Events\",\"isPartOf\":{\"@id\":\"https:\/\/fozsports-events.com\/en\/mvpj29\/#website\"},\"datePublished\":\"2021-12-01T10:34:23+00:00\",\"dateModified\":\"2021-12-01T14:02:26+00:00\",\"breadcrumb\":{\"@id\":\"https:\/\/fozsports-events.com\/en\/hall-of-fame\/pablo-marin\/#breadcrumb\"},\"inLanguage\":\"en-US\",\"potentialAction\":[{\"@type\":\"ReadAction\",\"target\":[\"https:\/\/fozsports-events.com\/en\/hall-of-fame\/pablo-marin\/\"]}]},{\"@type\":\"BreadcrumbList\",\"@id\":\"https:\/\/fozsports-events.com\/en\/hall-of-fame\/pablo-marin\/#breadcrumb\",\"itemListElement\":[{\"@type\":\"ListItem\",\"position\":1,\"name\":\"Portada\",\"item\":\"https:\/\/fozsports-events.com\/en\/mvpj29\/\"},{\"@type\":\"ListItem\",\"position\":2,\"name\":\"Hall of Fame\",\"item\":\"https:\/\/fozsports-events.com\/en\/mvpj29\/\"},{\"@type\":\"ListItem\",\"position\":3,\"name\":\"Pablo Mar\u00edn\"}]},{\"@type\":\"WebSite\",\"@id\":\"https:\/\/fozsports-events.com\/en\/mvpj29\/#website\",\"url\":\"https:\/\/fozsports-events.com\/en\/mvpj29\/\",\"name\":\"Foz Sports Events\",\"description\":\"Foz Sports Events\",\"potentialAction\":[{\"@type\":\"SearchAction\",\"target\":{\"@type\":\"EntryPoint\",\"urlTemplate\":\"https:\/\/fozsports-events.com\/en\/mvpj29\/?s={search_term_string}\"},\"query-input\":{\"@type\":\"PropertyValueSpecification\",\"valueRequired\":true,\"valueName\":\"search_term_string\"}}],\"inLanguage\":\"en-US\"}]}<\/script>\n<!-- \/ Yoast SEO plugin. -->","yoast_head_json":{"title":"Pablo Mar\u00edn - Foz Sports Events","robots":{"index":"index","follow":"follow","max-snippet":"max-snippet:-1","max-image-preview":"max-image-preview:large","max-video-preview":"max-video-preview:-1"},"canonical":"https:\/\/fozsports-events.com\/en\/hall-of-fame\/pablo-marin\/","og_locale":"en_US","og_type":"article","og_title":"Pablo Mar\u00edn - Foz Sports Events","og_url":"https:\/\/fozsports-events.com\/en\/hall-of-fame\/pablo-marin\/","og_site_name":"Foz Sports Events","article_modified_time":"2021-12-01T14:02:26+00:00","twitter_card":"summary_large_image","twitter_misc":{"Est. reading time":"3 minutes"},"schema":{"@context":"https:\/\/schema.org","@graph":[{"@type":"WebPage","@id":"https:\/\/fozsports-events.com\/en\/hall-of-fame\/pablo-marin\/","url":"https:\/\/fozsports-events.com\/en\/hall-of-fame\/pablo-marin\/","name":"Pablo Mar\u00edn - Foz Sports Events","isPartOf":{"@id":"https:\/\/fozsports-events.com\/en\/mvpj29\/#website"},"datePublished":"2021-12-01T10:34:23+00:00","dateModified":"2021-12-01T14:02:26+00:00","breadcrumb":{"@id":"https:\/\/fozsports-events.com\/en\/hall-of-fame\/pablo-marin\/#breadcrumb"},"inLanguage":"en-US","potentialAction":[{"@type":"ReadAction","target":["https:\/\/fozsports-events.com\/en\/hall-of-fame\/pablo-marin\/"]}]},{"@type":"BreadcrumbList","@id":"https:\/\/fozsports-events.com\/en\/hall-of-fame\/pablo-marin\/#breadcrumb","itemListElement":[{"@type":"ListItem","position":1,"name":"Portada","item":"https:\/\/fozsports-events.com\/en\/mvpj29\/"},{"@type":"ListItem","position":2,"name":"Hall of Fame","item":"https:\/\/fozsports-events.com\/en\/mvpj29\/"},{"@type":"ListItem","position":3,"name":"Pablo Mar\u00edn"}]},{"@type":"WebSite","@id":"https:\/\/fozsports-events.com\/en\/mvpj29\/#website","url":"https:\/\/fozsports-events.com\/en\/mvpj29\/","name":"Foz Sports Events","description":"Foz Sports Events","potentialAction":[{"@type":"SearchAction","target":{"@type":"EntryPoint","urlTemplate":"https:\/\/fozsports-events.com\/en\/mvpj29\/?s={search_term_string}"},"query-input":{"@type":"PropertyValueSpecification","valueRequired":true,"valueName":"search_term_string"}}],"inLanguage":"en-US"}]}},"_links":{"self":[{"href":"https:\/\/fozsports-events.com\/en\/wp-json\/wp\/v2\/pages\/9280","targetHints":{"allow":["GET"]}}],"collection":[{"href":"https:\/\/fozsports-events.com\/en\/wp-json\/wp\/v2\/pages"}],"about":[{"href":"https:\/\/fozsports-events.com\/en\/wp-json\/wp\/v2\/types\/page"}],"author":[{"embeddable":true,"href":"https:\/\/fozsports-events.com\/en\/wp-json\/wp\/v2\/users\/1"}],"replies":[{"embeddable":true,"href":"https:\/\/fozsports-events.com\/en\/wp-json\/wp\/v2\/comments?post=9280"}],"version-history":[{"count":3,"href":"https:\/\/fozsports-events.com\/en\/wp-json\/wp\/v2\/pages\/9280\/revisions"}],"predecessor-version":[{"id":9382,"href":"https:\/\/fozsports-events.com\/en\/wp-json\/wp\/v2\/pages\/9280\/revisions\/9382"}],"up":[{"embeddable":true,"href":"https:\/\/fozsports-events.com\/en\/wp-json\/wp\/v2\/pages\/9255"}],"wp:attachment":[{"href":"https:\/\/fozsports-events.com\/en\/wp-json\/wp\/v2\/media?parent=9280"}],"curies":[{"name":"wp","href":"https:\/\/api.w.org\/{rel}","templated":true}]}}